{"id":938,"date":"2021-05-15T07:13:43","date_gmt":"2021-05-15T05:13:43","guid":{"rendered":"http:\/\/rseattitude.fr\/?page_id=938"},"modified":"2025-10-23T17:55:42","modified_gmt":"2025-10-23T15:55:42","slug":"repondre-aux-questionnaires-ecovadis-ou-acesia","status":"publish","type":"page","link":"https:\/\/rseattitude.fr\/index.php\/repondre-aux-questionnaires-ecovadis-ou-acesia\/","title":{"rendered":"R\u00e9pondre \u00e0 Ecovadis"},"content":{"rendered":"\n<p>Vous \u00eates une PME et vos clients donneurs d&rsquo;ordre vous demandent d&rsquo;int\u00e9grer la <strong>plateforme d&rsquo;\u00e9valuation des performances RSE et achats responsables ECOVADIS<\/strong> ? et vous vous demandez peut-\u00eatre comme r\u00e9pondre pr\u00e9cis\u00e9ment \u00e0 ce questionnaire RSE ?<\/p>\n\n\n\n<p>Au sein de RSE ATTITUDE, nous vous aidons \u00e0 r\u00e9pondre efficacement et rapidement au questionnaire RSE ECOVADIS. A partir d&rsquo;un <strong>diagnostic RSE \u00ab\u00a0Flash\u00a0\u00bb <\/strong>de votre entreprise, nous sommes \u00e0 m\u00eame de vous orienter pr\u00e9cis\u00e9ment dans les r\u00e9ponses \u00e0 apporter aux diff\u00e9rents crit\u00e8res de ce type de questionnaire RSE. Notre accompagnement sur-mesure vous permet de gagner en efficacit\u00e9 pour r\u00e9pondre de fa\u00e7on pr\u00e9cise et adapt\u00e9e \u00e0 ces questionnements parfois complexes en mati\u00e8re de Responsabilit\u00e9 Soci\u00e9tale des Entreprises.<\/p>\n\n\n\n<p>Nous pourrons \u00e9galement vous apporter <strong>des outils cl\u00e9s en main<\/strong> pour enrichir vos r\u00e9ponses apport\u00e9es aux diff\u00e9rents crit\u00e8res RSE (charte \u00e9thique, outils achats responsables, guides pratiques, proc\u00e9dures \u00e9galit\u00e9\/diversit\u00e9, etc.) et ainsi vous permettre d&rsquo;am\u00e9liorer significativement votre notation RSE d\u00e9livr\u00e9e par cette plateforme d&rsquo;\u00e9valuation extra financi\u00e8re d&rsquo;achats responsables.<\/p>\n\n\n\n<p>Enfin, b\u00e9n\u00e9ficier de notre accompagnement pour r\u00e9pondre aux questionnaires ECOVADIS permet surtout aux PME de pouvoir <strong>structurer leur d\u00e9marche RSE de fa\u00e7on simple et pertinente<\/strong>. C&rsquo;est l&rsquo;occasion de gagner en performance et de retirer tous les b\u00e9n\u00e9fices d&rsquo;une strat\u00e9gie RSE gagnante : r\u00e9duction de son empreinte carbone, \u00e9conomies g\u00e9n\u00e9r\u00e9es par la diminution des consommations de ressources, des salari\u00e9s plus engag\u00e9s et motiv\u00e9s, une image de marque valoris\u00e9e, des r\u00e9ponses \u00e0 appels d&rsquo;offres facilit\u00e9es, etc.<\/p>\n\n\n<div class=\"wp-block-image\">\n<figure class=\"aligncenter size-full is-resized\"><img fetchpriority=\"high\" decoding=\"async\" width=\"972\" height=\"426\" src=\"https:\/\/rseattitude.fr\/wp-content\/uploads\/2025\/10\/Ecovadis.png\" alt=\"\" class=\"wp-image-1924\" style=\"width:411px;height:auto\" srcset=\"https:\/\/rseattitude.fr\/wp-content\/uploads\/2025\/10\/Ecovadis.png 972w, https:\/\/rseattitude.fr\/wp-content\/uploads\/2025\/10\/Ecovadis-300x131.png 300w, https:\/\/rseattitude.fr\/wp-content\/uploads\/2025\/10\/Ecovadis-768x337.png 768w\" sizes=\"(max-width: 767px) 89vw, (max-width: 1000px) 54vw, (max-width: 1071px) 543px, 580px\" \/><\/figure><\/div>\n\n\n<p><\/p>\n","protected":false},"excerpt":{"rendered":"<p>Vous \u00eates une PME et vos clients donneurs d&rsquo;ordre vous demandent d&rsquo;int\u00e9grer la plateforme d&rsquo;\u00e9valuation des performances RSE et achats responsables ECOVADIS ? et vous vous demandez peut-\u00eatre comme r\u00e9pondre pr\u00e9cis\u00e9ment \u00e0 ce questionnaire RSE ? Au sein de RSE ATTITUDE, nous vous aidons \u00e0 r\u00e9pondre efficacement et rapidement au questionnaire RSE ECOVADIS. A partir &hellip; <\/p>\n<p class=\"link-more\"><a href=\"https:\/\/rseattitude.fr\/index.php\/repondre-aux-questionnaires-ecovadis-ou-acesia\/\" class=\"more-link\">Continuer la lecture<span class=\"screen-reader-text\"> de &laquo;&nbsp;R\u00e9pondre \u00e0 Ecovadis&nbsp;&raquo;<\/span><\/a><\/p>\n","protected":false},"author":1,"featured_media":1801,"parent":0,"menu_order":0,"comment_status":"closed","ping_status":"closed","template":"","meta":{"footnotes":""},"class_list":["post-938","page","type-page","status-publish","has-post-thumbnail","hentry"],"_links":{"self":[{"href":"https:\/\/rseattitude.fr\/index.php\/wp-json\/wp\/v2\/pages\/938"}],"collection":[{"href":"https:\/\/rseattitude.fr\/index.php\/wp-json\/wp\/v2\/pages"}],"about":[{"href":"https:\/\/rseattitude.fr\/index.php\/wp-json\/wp\/v2\/types\/page"}],"author":[{"embeddable":true,"href":"https:\/\/rseattitude.fr\/index.php\/wp-json\/wp\/v2\/users\/1"}],"replies":[{"embeddable":true,"href":"https:\/\/rseattitude.fr\/index.php\/wp-json\/wp\/v2\/comments?post=938"}],"version-history":[{"count":9,"href":"https:\/\/rseattitude.fr\/index.php\/wp-json\/wp\/v2\/pages\/938\/revisions"}],"predecessor-version":[{"id":1925,"href":"https:\/\/rseattitude.fr\/index.php\/wp-json\/wp\/v2\/pages\/938\/revisions\/1925"}],"wp:featuredmedia":[{"embeddable":true,"href":"https:\/\/rseattitude.fr\/index.php\/wp-json\/wp\/v2\/media\/1801"}],"wp:attachment":[{"href":"https:\/\/rseattitude.fr\/index.php\/wp-json\/wp\/v2\/media?parent=938"}],"curies":[{"name":"wp","href":"https:\/\/api.w.org\/{rel}","templated":true}]}}