{"id":9,"date":"2018-09-14T14:37:52","date_gmt":"2018-09-14T12:37:52","guid":{"rendered":"http:\/\/rseattitude.fr\/?page_id=9"},"modified":"2025-12-15T09:43:47","modified_gmt":"2025-12-15T08:43:47","slug":"contact-conseil-rse-formation-rse-formation-developpement-durable","status":"publish","type":"page","link":"https:\/\/rseattitude.fr\/index.php\/contact-conseil-rse-formation-rse-formation-developpement-durable\/","title":{"rendered":"Contact"},"content":{"rendered":"\n<p><\/p>\n\n\n<p>Votre entreprise souhaite engager une d\u00e9marche RSE, r\u00e9aliser un diagnostic RSE ? ou \u00eatre labellis\u00e9e par un organisme externe ou bien r\u00e9pondre au questionnaire RSE d&rsquo;ECOVADIS ?<\/p>\n<p>Vous souhaitez \u00eatre accompagn\u00e9 dans la conception de votre rapport ou reporting RSE ? la r\u00e9alisation d&rsquo;une matrice de double mat\u00e9rialit\u00e9 ?<\/p>\n<p>Vous avez la n\u00e9cessit\u00e9 de mieux structurer votre strat\u00e9gie RSE car les demandes de vos clients en la mati\u00e8re sont de plus en plus fortes ?\u00a0<\/p>\n<p>Une simple question ? Une bonne pratique RSE \u00e0 partager ?<\/p>\n<p>Contactez-nous !<\/p>\n<p>S\u00e9bastien COQUARD<\/p>\n<p>Tel : 06.42.63.71.21<\/p>\n<p>E mail : <a href=\"mailto:scoquard@rseattitude.fr\">scoquard@rseattitude.fr<\/a><\/p>\n<p><a href=\"https:\/\/rseattitude.fr\/photo-sc-2025-2\/\"><img fetchpriority=\"high\" decoding=\"async\" class=\"wp-image-1959 aligncenter\" src=\"https:\/\/rseattitude.fr\/wp-content\/uploads\/2025\/12\/Photo-SC-2025-1.jpg\" alt=\"\" width=\"345\" height=\"252\" srcset=\"https:\/\/rseattitude.fr\/wp-content\/uploads\/2025\/12\/Photo-SC-2025-1.jpg 1051w, https:\/\/rseattitude.fr\/wp-content\/uploads\/2025\/12\/Photo-SC-2025-1-300x220.jpg 300w, https:\/\/rseattitude.fr\/wp-content\/uploads\/2025\/12\/Photo-SC-2025-1-1024x749.jpg 1024w, https:\/\/rseattitude.fr\/wp-content\/uploads\/2025\/12\/Photo-SC-2025-1-768x562.jpg 768w\" sizes=\"(max-width: 345px) 100vw, 345px\" \/><\/a><\/p>\n<p><a href=\"https:\/\/rseattitude.fr\/index.php\/mentions-legales\/\">Mentions l\u00e9gales<\/a><\/p>","protected":false},"excerpt":{"rendered":"<p>Votre entreprise souhaite engager une d\u00e9marche RSE, r\u00e9aliser un diagnostic RSE ? ou \u00eatre labellis\u00e9e par un organisme externe ou bien r\u00e9pondre au questionnaire RSE d&rsquo;ECOVADIS ? Vous souhaitez \u00eatre accompagn\u00e9 dans la conception de votre rapport ou reporting RSE ? la r\u00e9alisation d&rsquo;une matrice de double mat\u00e9rialit\u00e9 ? Vous avez la n\u00e9cessit\u00e9 de mieux &hellip; <\/p>\n<p class=\"link-more\"><a href=\"https:\/\/rseattitude.fr\/index.php\/contact-conseil-rse-formation-rse-formation-developpement-durable\/\" class=\"more-link\">Continuer la lecture<span class=\"screen-reader-text\"> de &laquo;&nbsp;Contact&nbsp;&raquo;<\/span><\/a><\/p>\n","protected":false},"author":1,"featured_media":339,"parent":0,"menu_order":0,"comment_status":"closed","ping_status":"closed","template":"","meta":{"footnotes":""},"class_list":["post-9","page","type-page","status-publish","has-post-thumbnail","hentry"],"_links":{"self":[{"href":"https:\/\/rseattitude.fr\/index.php\/wp-json\/wp\/v2\/pages\/9"}],"collection":[{"href":"https:\/\/rseattitude.fr\/index.php\/wp-json\/wp\/v2\/pages"}],"about":[{"href":"https:\/\/rseattitude.fr\/index.php\/wp-json\/wp\/v2\/types\/page"}],"author":[{"embeddable":true,"href":"https:\/\/rseattitude.fr\/index.php\/wp-json\/wp\/v2\/users\/1"}],"replies":[{"embeddable":true,"href":"https:\/\/rseattitude.fr\/index.php\/wp-json\/wp\/v2\/comments?post=9"}],"version-history":[{"count":30,"href":"https:\/\/rseattitude.fr\/index.php\/wp-json\/wp\/v2\/pages\/9\/revisions"}],"predecessor-version":[{"id":1960,"href":"https:\/\/rseattitude.fr\/index.php\/wp-json\/wp\/v2\/pages\/9\/revisions\/1960"}],"wp:featuredmedia":[{"embeddable":true,"href":"https:\/\/rseattitude.fr\/index.php\/wp-json\/wp\/v2\/media\/339"}],"wp:attachment":[{"href":"https:\/\/rseattitude.fr\/index.php\/wp-json\/wp\/v2\/media?parent=9"}],"curies":[{"name":"wp","href":"https:\/\/api.w.org\/{rel}","templated":true}]}}