{"id":8,"date":"2018-09-14T14:37:52","date_gmt":"2018-09-14T12:37:52","guid":{"rendered":"http:\/\/rseattitude.fr\/?page_id=8"},"modified":"2025-06-30T15:22:36","modified_gmt":"2025-06-30T13:22:36","slug":"a-propos-de-conseil-evaluation-rse-afnor-conseil-label-lucie-formation-iso-26000-lyon","status":"publish","type":"page","link":"https:\/\/rseattitude.fr\/index.php\/a-propos-de-conseil-evaluation-rse-afnor-conseil-label-lucie-formation-iso-26000-lyon\/","title":{"rendered":"Pr\u00e9sentation"},"content":{"rendered":"<p>Soci\u00e9t\u00e9 de conseil et formation sp\u00e9cialis\u00e9e en RSE, nous accompagnons <strong>depuis 15 ans<\/strong> les organisations de tous secteurs d&rsquo;activit\u00e9s sur le chemin d&rsquo;un d\u00e9veloppement plus soutenable pour am\u00e9liorer de fa\u00e7on coh\u00e9rente leurs performances sociales, environnementales et \u00e9conomiques&#8230;<\/p>\n<p>Quelques exemples de secteurs d&rsquo;activit\u00e9s dans lesquels nous intervenons :<\/p>\n<p>BTP, Industrie (agro-alimentaire, textile, sid\u00e9rurgie, logistique, distribution bricolage, m\u00e9dical, chimie, bois, t\u00e9l\u00e9com, etc.), mais aussi les services (bailleurs sociaux, informatique, g\u00e9om\u00e8tres experts, cabinet experts comptables, agences de communication, \u00e9tablissements m\u00e9dico-sociaux, remplacement pare brise&#8230;) ou encore dans le domaine associatif (associations d&rsquo;insertion, acteurs de l&rsquo;ESS, etc.).<\/p>\n","protected":false},"excerpt":{"rendered":"<p>Soci\u00e9t\u00e9 de conseil et formation sp\u00e9cialis\u00e9e en RSE, nous accompagnons depuis 15 ans les organisations de tous secteurs d&rsquo;activit\u00e9s sur le chemin d&rsquo;un d\u00e9veloppement plus soutenable pour am\u00e9liorer de fa\u00e7on coh\u00e9rente leurs performances sociales, environnementales et \u00e9conomiques&#8230; Quelques exemples de secteurs d&rsquo;activit\u00e9s dans lesquels nous intervenons : BTP, Industrie (agro-alimentaire, textile, sid\u00e9rurgie, logistique, distribution bricolage, &hellip; <\/p>\n<p class=\"link-more\"><a href=\"https:\/\/rseattitude.fr\/index.php\/a-propos-de-conseil-evaluation-rse-afnor-conseil-label-lucie-formation-iso-26000-lyon\/\" class=\"more-link\">Continuer la lecture<span class=\"screen-reader-text\"> de &laquo;&nbsp;Pr\u00e9sentation&nbsp;&raquo;<\/span><\/a><\/p>\n","protected":false},"author":1,"featured_media":1816,"parent":0,"menu_order":0,"comment_status":"closed","ping_status":"closed","template":"","meta":{"footnotes":""},"class_list":["post-8","page","type-page","status-publish","has-post-thumbnail","hentry"],"_links":{"self":[{"href":"https:\/\/rseattitude.fr\/index.php\/wp-json\/wp\/v2\/pages\/8"}],"collection":[{"href":"https:\/\/rseattitude.fr\/index.php\/wp-json\/wp\/v2\/pages"}],"about":[{"href":"https:\/\/rseattitude.fr\/index.php\/wp-json\/wp\/v2\/types\/page"}],"author":[{"embeddable":true,"href":"https:\/\/rseattitude.fr\/index.php\/wp-json\/wp\/v2\/users\/1"}],"replies":[{"embeddable":true,"href":"https:\/\/rseattitude.fr\/index.php\/wp-json\/wp\/v2\/comments?post=8"}],"version-history":[{"count":25,"href":"https:\/\/rseattitude.fr\/index.php\/wp-json\/wp\/v2\/pages\/8\/revisions"}],"predecessor-version":[{"id":1858,"href":"https:\/\/rseattitude.fr\/index.php\/wp-json\/wp\/v2\/pages\/8\/revisions\/1858"}],"wp:featuredmedia":[{"embeddable":true,"href":"https:\/\/rseattitude.fr\/index.php\/wp-json\/wp\/v2\/media\/1816"}],"wp:attachment":[{"href":"https:\/\/rseattitude.fr\/index.php\/wp-json\/wp\/v2\/media?parent=8"}],"curies":[{"name":"wp","href":"https:\/\/api.w.org\/{rel}","templated":true}]}}