{"id":749,"date":"2020-12-21T18:33:37","date_gmt":"2020-12-21T17:33:37","guid":{"rendered":"http:\/\/rseattitude.fr\/?page_id=749"},"modified":"2026-03-25T10:53:04","modified_gmt":"2026-03-25T09:53:04","slug":"formations-specialisees-a-la-rse","status":"publish","type":"page","link":"https:\/\/rseattitude.fr\/index.php\/formations-specialisees-a-la-rse\/","title":{"rendered":"Formations sp\u00e9cialis\u00e9es \u00e0 la RSE"},"content":{"rendered":"\n<p>Engager une strat\u00e9gie RSE dans sa PME n\u00e9cessite parfois d&rsquo;acqu\u00e9rir des comp\u00e9tences sp\u00e9cifiques li\u00e9es \u00e0 la Responsabilit\u00e9 Soci\u00e9tale pour certaines fonctions au sein de son entreprise.<\/p>\n\n\n\n<p>C&rsquo;est pour r\u00e9pondre \u00e0 ces besoins que nous proposons des formations sur-mesure sp\u00e9cialis\u00e9es sur certaines th\u00e9matiques RSE qui permettront \u00e0 vos salari\u00e9s de s&rsquo;approprier les principes RSE au niveau de leurs m\u00e9tiers.<\/p>\n\n\n\n<ul class=\"wp-block-list\">\n<li><strong>ACHATS RESPONSABLES<\/strong> : pour former les acheteurs \u00e0 l&rsquo;int\u00e9gration de crit\u00e8res RSE dans leur fonction.<\/li>\n\n\n\n<li><strong>COMMUNICATION RESPONSABLE <\/strong>: vos communicants seront \u00e9quip\u00e9s pour conduire des campagnes s\u00e9duisantes et sans greenwashing \u00e0 destination de vos clients.<\/li>\n\n\n\n<li><strong>REPORTING RSE et CONFORMITE CSRD-VSME <\/strong>: pour apprivoiser les attendus de la nouvelle directive europ\u00e9enne sur le reporting extra financier.<\/li>\n\n\n\n<li><strong>EGALITE\/DIVERSITE<\/strong> : pour engager vos managers en Ressources Humaines \u00e0 mieux appr\u00e9hender la promotion de la diversit\u00e9 et lutter contre toute forme de discrimination,<\/li>\n\n\n\n<li><strong>ENJEUX CLIMATIQUES<\/strong> : destin\u00e9e aux sp\u00e9cialistes Qualit\u00e9, S\u00e9curit\u00e9 et Environnement, vous aurez ainsi l&rsquo;opportunit\u00e9 d&rsquo;engager \u00e0 l&rsquo;issue de ce module une strat\u00e9gie efficace de r\u00e9duction de votre empreinte carbone.<\/li>\n<\/ul>\n\n\n\n<p>Besoin d&rsquo;informations compl\u00e9mentaires ? Nous sommes \u00e0 votre disposition pour en parler. Il suffit d&rsquo;un <a href=\"https:\/\/rseattitude.fr\/index.php\/contact-conseil-rse-formation-rse-formation-developpement-durable\/\">CLIC !<\/a><\/p>\n\n\n\n<p>Engag\u00e9 dans une d\u00e9marche qualit\u00e9 depuis plusieurs ann\u00e9es, notre organisme de formation b\u00e9n\u00e9ficie de la certification <strong>QUALIOPI<\/strong>.<\/p>\n\n\n<div class=\"wp-block-image\">\n<figure class=\"aligncenter size-large is-resized\"><img fetchpriority=\"high\" decoding=\"async\" width=\"1024\" height=\"531\" src=\"https:\/\/rseattitude.fr\/wp-content\/uploads\/2026\/03\/Logo_Qualiopi_Actions-de-formation-1024x531.jpeg\" alt=\"\" class=\"wp-image-2044\" style=\"width:258px;height:auto\" srcset=\"https:\/\/rseattitude.fr\/wp-content\/uploads\/2026\/03\/Logo_Qualiopi_Actions-de-formation-1024x531.jpeg 1024w, https:\/\/rseattitude.fr\/wp-content\/uploads\/2026\/03\/Logo_Qualiopi_Actions-de-formation-300x155.jpeg 300w, https:\/\/rseattitude.fr\/wp-content\/uploads\/2026\/03\/Logo_Qualiopi_Actions-de-formation-768x398.jpeg 768w, https:\/\/rseattitude.fr\/wp-content\/uploads\/2026\/03\/Logo_Qualiopi_Actions-de-formation.jpeg 1121w\" sizes=\"(max-width: 767px) 89vw, (max-width: 1000px) 54vw, (max-width: 1071px) 543px, 580px\" \/><\/figure><\/div>\n\n\n<p><\/p>\n","protected":false},"excerpt":{"rendered":"<p>Engager une strat\u00e9gie RSE dans sa PME n\u00e9cessite parfois d&rsquo;acqu\u00e9rir des comp\u00e9tences sp\u00e9cifiques li\u00e9es \u00e0 la Responsabilit\u00e9 Soci\u00e9tale pour certaines fonctions au sein de son entreprise. C&rsquo;est pour r\u00e9pondre \u00e0 ces besoins que nous proposons des formations sur-mesure sp\u00e9cialis\u00e9es sur certaines th\u00e9matiques RSE qui permettront \u00e0 vos salari\u00e9s de s&rsquo;approprier les principes RSE au niveau &hellip; <\/p>\n<p class=\"link-more\"><a href=\"https:\/\/rseattitude.fr\/index.php\/formations-specialisees-a-la-rse\/\" class=\"more-link\">Continuer la lecture<span class=\"screen-reader-text\"> de &laquo;&nbsp;Formations sp\u00e9cialis\u00e9es \u00e0 la RSE&nbsp;&raquo;<\/span><\/a><\/p>\n","protected":false},"author":1,"featured_media":757,"parent":0,"menu_order":0,"comment_status":"closed","ping_status":"closed","template":"","meta":{"footnotes":""},"class_list":["post-749","page","type-page","status-publish","has-post-thumbnail","hentry"],"_links":{"self":[{"href":"https:\/\/rseattitude.fr\/index.php\/wp-json\/wp\/v2\/pages\/749"}],"collection":[{"href":"https:\/\/rseattitude.fr\/index.php\/wp-json\/wp\/v2\/pages"}],"about":[{"href":"https:\/\/rseattitude.fr\/index.php\/wp-json\/wp\/v2\/types\/page"}],"author":[{"embeddable":true,"href":"https:\/\/rseattitude.fr\/index.php\/wp-json\/wp\/v2\/users\/1"}],"replies":[{"embeddable":true,"href":"https:\/\/rseattitude.fr\/index.php\/wp-json\/wp\/v2\/comments?post=749"}],"version-history":[{"count":16,"href":"https:\/\/rseattitude.fr\/index.php\/wp-json\/wp\/v2\/pages\/749\/revisions"}],"predecessor-version":[{"id":2051,"href":"https:\/\/rseattitude.fr\/index.php\/wp-json\/wp\/v2\/pages\/749\/revisions\/2051"}],"wp:featuredmedia":[{"embeddable":true,"href":"https:\/\/rseattitude.fr\/index.php\/wp-json\/wp\/v2\/media\/757"}],"wp:attachment":[{"href":"https:\/\/rseattitude.fr\/index.php\/wp-json\/wp\/v2\/media?parent=749"}],"curies":[{"name":"wp","href":"https:\/\/api.w.org\/{rel}","templated":true}]}}