{"id":744,"date":"2020-12-21T17:50:16","date_gmt":"2020-12-21T16:50:16","guid":{"rendered":"http:\/\/rseattitude.fr\/?page_id=744"},"modified":"2026-03-25T10:49:49","modified_gmt":"2026-03-25T09:49:49","slug":"formations-globales-a-la-rse","status":"publish","type":"page","link":"https:\/\/rseattitude.fr\/index.php\/formations-globales-a-la-rse\/","title":{"rendered":"Formations globales \u00e0 la RSE"},"content":{"rendered":"\n<p>Nous vous proposons un programme de formation complet pour monter en comp\u00e9tences sur la Responsabilit\u00e9 Soci\u00e9tale des Entreprises (RSE). Le but est ici de d\u00e9velopper de nouveaux savoirs, savoir faire, et savoir \u00eatre en mati\u00e8re de RSE.<\/p>\n\n\n\n<p>Notre organisme de formation est certifi\u00e9 <strong>QUALIOPI<\/strong>, attestant de notre d\u00e9marche qualit\u00e9 exigeante pour d\u00e9livrer des formations r\u00e9pondant aux besoins d&rsquo;expertise RSE de nos clients.<\/p>\n\n\n<div class=\"wp-block-image\">\n<figure class=\"aligncenter size-large is-resized\"><img fetchpriority=\"high\" decoding=\"async\" width=\"1024\" height=\"531\" src=\"https:\/\/rseattitude.fr\/wp-content\/uploads\/2026\/03\/Logo_Qualiopi_Actions-de-formation-1024x531.jpeg\" alt=\"\" class=\"wp-image-2044\" style=\"width:353px;height:auto\" srcset=\"https:\/\/rseattitude.fr\/wp-content\/uploads\/2026\/03\/Logo_Qualiopi_Actions-de-formation-1024x531.jpeg 1024w, https:\/\/rseattitude.fr\/wp-content\/uploads\/2026\/03\/Logo_Qualiopi_Actions-de-formation-300x155.jpeg 300w, https:\/\/rseattitude.fr\/wp-content\/uploads\/2026\/03\/Logo_Qualiopi_Actions-de-formation-768x398.jpeg 768w, https:\/\/rseattitude.fr\/wp-content\/uploads\/2026\/03\/Logo_Qualiopi_Actions-de-formation.jpeg 1121w\" sizes=\"(max-width: 767px) 89vw, (max-width: 1000px) 54vw, (max-width: 1071px) 543px, 580px\" \/><\/figure><\/div>\n\n\n<p>Les b\u00e9n\u00e9fices attendus de la formations sont nombreux :<\/p>\n\n\n\n<ul class=\"wp-block-list\">\n<li><strong>Structurer la d\u00e9marche RSE<\/strong> (Responsabilit\u00e9 Soci\u00e9tale d\u2019Entreprise) dans une PME de mani\u00e8re simple, concr\u00e8te et efficace afin d\u2019obtenir des retours sur investissement de son engagement dans la RSE<\/li>\n\n\n\n<li><strong>Valoriser efficacement ses actions RSE<\/strong> aupr\u00e8s de ses clients en pr\u00e9parant la publication d\u2019un rapport de durabilit\u00e9 qui compl\u00e8tera la r\u00e9ponse aux appels d\u2019offre<\/li>\n\n\n\n<li><strong>Pr\u00e9parer la r\u00e9ponse au questionnaire de notation RSE d\u2019ECOVADIS <\/strong>ou l\u2019obtention d\u2019un label RSE d\u00e9livr\u00e9 par un organisme externe<\/li>\n\n\n\n<li><strong>Faciliter l\u2019engagement de ses salari\u00e9s dans la RSE<\/strong> gr\u00e2ce \u00e0 l\u2019application des m\u00e9thodes op\u00e9rationnelles de conduite du changement redonnant du sens au travail de chacun.e dans l\u2019entreprise<\/li>\n\n\n\n<li><strong>Am\u00e9liorer son image de marque employeur<\/strong> en int\u00e9grant la RSE au c\u0153ur de sa communication pour optimiser les recrutements et se diff\u00e9rencier de la concurrence<\/li>\n\n\n\n<li><strong>Anticiper les r\u00e8glementations et mieux g\u00e9rer les risques<\/strong> (accidents du travail, pollutions, \u00e9thique, etc.)<\/li>\n<\/ul>\n\n\n\n<p>Notre formation \u00e0 la RSE s&rsquo;articule en 4 phases .<\/p>\n\n\n\n<p><strong>PHASE 1 : Les fondamentaux de la RSE<\/strong> ou comment passer des grands principes du d\u00e9veloppement durable \u00e0 la RSE ? (d\u00e9finitions, notions d&rsquo;impacts, de vision RSE ou Raison d&rsquo;\u00eatre, valeurs, r\u00e8glementations, b\u00e9n\u00e9fices et \u00e9tapes cl\u00e9s pour r\u00e9ussir sa d\u00e9marche RSE) <\/p>\n\n\n\n<p><strong>PHASE 2 : Structurer sa d\u00e9marche RSE<\/strong> ou comment identifier son \u00e9cosyst\u00e8me et hi\u00e9rarchiser ses enjeux RSE afin de prioriser les actions \u00e0 mener pour son entreprise de fa\u00e7on concr\u00e8te sur la base de la norme ISO 26000 ?<\/p>\n\n\n\n<p><strong>PHASE 3 : Animer et piloter sa d\u00e9marche RSE <\/strong>ou comment impliquer efficacement les salari\u00e9s dans la RSE en activant les bons leviers de motivation tout en pilotant la performance globale de son entreprise dans une logique d&rsquo;am\u00e9lioration continue ?<\/p>\n\n\n\n<p><strong>PHASE 4 : Valoriser sa d\u00e9marche RSE<\/strong> ou comment faire reconna\u00eetre son engagement dans la RSE aupr\u00e8s de ses parties prenantes en utilisant les codes de la communication responsable (rapport RSE, dialogue parties prenantes&#8230;) et en pr\u00e9parant une labellisation RSE ?<\/p>\n\n\n\n<p>Ce <a href=\"https:\/\/rseattitude.fr\/wp-content\/uploads\/2026\/02\/Programme-Formation-METTRE-EN-OEUVRE-LA-RSE-RSE-ATTITUDE-V1.pdf\">programme de formation RSE<\/a> peut se d\u00e9rouler sur un minimum de 1 journ\u00e9e et jusqu&rsquo;\u00e0 4 journ\u00e9es selon vos souhaits dans une approche sur-mesure, de fa\u00e7on \u00e0 r\u00e9pondre pr\u00e9cis\u00e9ment \u00e0 vos attentes.<\/p>\n\n\n\n<p><a href=\"https:\/\/rseattitude.fr\/index.php\/contact-conseil-rse-formation-rse-formation-developpement-durable\/\">A votre disposition pour en parler !<\/a><\/p>\n\n\n\n<p><\/p>\n","protected":false},"excerpt":{"rendered":"<p>Nous vous proposons un programme de formation complet pour monter en comp\u00e9tences sur la Responsabilit\u00e9 Soci\u00e9tale des Entreprises (RSE). Le but est ici de d\u00e9velopper de nouveaux savoirs, savoir faire, et savoir \u00eatre en mati\u00e8re de RSE. Notre organisme de formation est certifi\u00e9 QUALIOPI, attestant de notre d\u00e9marche qualit\u00e9 exigeante pour d\u00e9livrer des formations r\u00e9pondant &hellip; <\/p>\n<p class=\"link-more\"><a href=\"https:\/\/rseattitude.fr\/index.php\/formations-globales-a-la-rse\/\" class=\"more-link\">Continuer la lecture<span class=\"screen-reader-text\"> de &laquo;&nbsp;Formations globales \u00e0 la RSE&nbsp;&raquo;<\/span><\/a><\/p>\n","protected":false},"author":1,"featured_media":747,"parent":0,"menu_order":0,"comment_status":"closed","ping_status":"closed","template":"","meta":{"footnotes":""},"class_list":["post-744","page","type-page","status-publish","has-post-thumbnail","hentry"],"_links":{"self":[{"href":"https:\/\/rseattitude.fr\/index.php\/wp-json\/wp\/v2\/pages\/744"}],"collection":[{"href":"https:\/\/rseattitude.fr\/index.php\/wp-json\/wp\/v2\/pages"}],"about":[{"href":"https:\/\/rseattitude.fr\/index.php\/wp-json\/wp\/v2\/types\/page"}],"author":[{"embeddable":true,"href":"https:\/\/rseattitude.fr\/index.php\/wp-json\/wp\/v2\/users\/1"}],"replies":[{"embeddable":true,"href":"https:\/\/rseattitude.fr\/index.php\/wp-json\/wp\/v2\/comments?post=744"}],"version-history":[{"count":16,"href":"https:\/\/rseattitude.fr\/index.php\/wp-json\/wp\/v2\/pages\/744\/revisions"}],"predecessor-version":[{"id":2048,"href":"https:\/\/rseattitude.fr\/index.php\/wp-json\/wp\/v2\/pages\/744\/revisions\/2048"}],"wp:featuredmedia":[{"embeddable":true,"href":"https:\/\/rseattitude.fr\/index.php\/wp-json\/wp\/v2\/media\/747"}],"wp:attachment":[{"href":"https:\/\/rseattitude.fr\/index.php\/wp-json\/wp\/v2\/media?parent=744"}],"curies":[{"name":"wp","href":"https:\/\/api.w.org\/{rel}","templated":true}]}}