{"id":719,"date":"2020-11-25T17:05:58","date_gmt":"2020-11-25T16:05:58","guid":{"rendered":"http:\/\/rseattitude.fr\/?page_id=719"},"modified":"2025-05-14T14:08:53","modified_gmt":"2025-05-14T12:08:53","slug":"diagnostic-biodiversite","status":"publish","type":"page","link":"https:\/\/rseattitude.fr\/index.php\/diagnostic-biodiversite\/","title":{"rendered":"Diagnostic biodiversit\u00e9"},"content":{"rendered":"\n<p>Biodiversit\u00e9, vous avez dit biodiversit\u00e9 ? Mais de quoi parle-t-on au juste ? <\/p>\n\n\n\n<p>Une petite d\u00e9finition pour commencer : la&nbsp;<strong>biodiversit\u00e9<\/strong>&nbsp;est \u00ab\u00a0<em>la variabilit\u00e9 des organismes vivants de toute origine, y compris, entre autres, les \u00e9cosyst\u00e8mes terrestres, marins et autres \u00e9cosyst\u00e8mes aquatiques ainsi que les complexes \u00e9cologiques dont ils font partie ; ce qui inclut la diversit\u00e9 au sein des esp\u00e8ces et entre esp\u00e8ces ainsi que celle des \u00e9cosyst\u00e8mes.\u00a0\u00bb<\/em>&nbsp;<a rel=\"noreferrer noopener\" href=\"http:\/\/www.entreprises-biodiversite.fr\/biodiversite-et-economie-2\/cdb\/\" target=\"_blank\">Convention des Nations Unies sur la Diversit\u00e9 Biologique<\/a>, Nations Unies, Article 2, 1992.<\/p>\n\n\n\n<p>Pas \u00e9vident de savoir comment agir concr\u00e8tement dans ce domaine, en lisant cette d\u00e9finition me direz-vous&#8230;et pourtant, la biodiversit\u00e9 est partout autour de nous ! mais le plus important est d&rsquo;avoir conscience que<strong> nous faisons partie de la biodiversit\u00e9 en tant qu&rsquo;\u00eatres humains.<\/strong> En somme, plus de biodiversit\u00e9, c&rsquo;est plus d&rsquo;\u00eatres humains heureux et en bonne sant\u00e9 sur notre belle plan\u00e8te&#8230;<\/p>\n\n\n\n<p>Malheureusement, la biodiversit\u00e9 est marqu\u00e9e par une&nbsp;<strong>extinction massive des esp\u00e8ces<\/strong>, la 6\u00e8me, selon les experts scientifiques. Celle-ci pourrait engendrer la disparition de 75% des esp\u00e8ces animales dans les si\u00e8cles \u00e0 venir.<\/p>\n\n\n\n<p>La biodiversit\u00e9 permet de <strong>maintenir la vie sur Terre<\/strong>&nbsp;parce que le monde vivant est, depuis son origine,&nbsp;capable de se diversifier, de produire des individus, des esp\u00e8ces, des communaut\u00e9s d\u2019esp\u00e8ces ayant diff\u00e9rentes <strong>capacit\u00e9s d\u2019adaptation face \u00e0 des conditions changeantes<\/strong> (cf. site de l&rsquo;<a href=\"http:\/\/www.oree.org\/biodiversite-contexte-et-enjeux.html\">OREE<\/a> pour en d\u00e9couvrir davantage).<\/p>\n\n\n\n<p>Mais en tant qu&rsquo;entreprise, en tant que PME, quels sont les leviers d&rsquo;actions prioritaires ? par quoi commencer ? quels b\u00e9n\u00e9fices ? Au sein de RSE ATTITUDE, nous accompagnons les entreprises \u00e0 dresser un \u00e9tat des lieux de leur <strong>empreinte biodiversit\u00e9<\/strong>, c&rsquo;est \u00e0 dire \u00e0 \u00e9valuer les impacts de leurs activit\u00e9s sur la biodiversit\u00e9. Pour cela, nous utilisons un <strong>outil de diagnostic  <\/strong> adapt\u00e9 aux PME afin de les accompagner  vers la mise en place d&rsquo;un plan d&rsquo;am\u00e9liorations en la mati\u00e8re. Il n&rsquo;y a pas une solution miracle mais plut\u00f4t des chemins \u00e0 parcourir, progressivement, en <strong>engageant \u00e9galement les collaborateurs <\/strong>de l&rsquo;entreprise dans cette d\u00e9marche.<\/p>\n\n\n\n<p>C&rsquo;est un <strong>sujet passionnant<\/strong> qui permet aux entreprises d&rsquo;agir concr\u00e8tement et utilement sur le volet environnemental de leur d\u00e9marche RSE. L&rsquo;essentiel est d&rsquo;essayer, d&rsquo;initier&#8230;en r\u00e9sum\u00e9, <strong>\u00eatre dans l&rsquo;action<\/strong>, m\u00eame minime au d\u00e9part, pour progressivement \u00e9largir et enrichir son implication. Il est aussi important d&rsquo;\u00eatre coh\u00e9rent en adoptant une d\u00e9marche qui touche \u00e0 la fois \u00e0 son ou \u00e0 ses sites d&rsquo;implantation mais \u00e9galement au c\u0153ur de son offre produits\/services.<\/p>\n","protected":false},"excerpt":{"rendered":"<p>Biodiversit\u00e9, vous avez dit biodiversit\u00e9 ? Mais de quoi parle-t-on au juste ? Une petite d\u00e9finition pour commencer : la&nbsp;biodiversit\u00e9&nbsp;est \u00ab\u00a0la variabilit\u00e9 des organismes vivants de toute origine, y compris, entre autres, les \u00e9cosyst\u00e8mes terrestres, marins et autres \u00e9cosyst\u00e8mes aquatiques ainsi que les complexes \u00e9cologiques dont ils font partie ; ce qui inclut la diversit\u00e9 &hellip; <\/p>\n<p class=\"link-more\"><a href=\"https:\/\/rseattitude.fr\/index.php\/diagnostic-biodiversite\/\" class=\"more-link\">Continuer la lecture<span class=\"screen-reader-text\"> de &laquo;&nbsp;Diagnostic biodiversit\u00e9&nbsp;&raquo;<\/span><\/a><\/p>\n","protected":false},"author":1,"featured_media":1832,"parent":0,"menu_order":0,"comment_status":"closed","ping_status":"closed","template":"","meta":{"footnotes":""},"class_list":["post-719","page","type-page","status-publish","has-post-thumbnail","hentry"],"_links":{"self":[{"href":"https:\/\/rseattitude.fr\/index.php\/wp-json\/wp\/v2\/pages\/719"}],"collection":[{"href":"https:\/\/rseattitude.fr\/index.php\/wp-json\/wp\/v2\/pages"}],"about":[{"href":"https:\/\/rseattitude.fr\/index.php\/wp-json\/wp\/v2\/types\/page"}],"author":[{"embeddable":true,"href":"https:\/\/rseattitude.fr\/index.php\/wp-json\/wp\/v2\/users\/1"}],"replies":[{"embeddable":true,"href":"https:\/\/rseattitude.fr\/index.php\/wp-json\/wp\/v2\/comments?post=719"}],"version-history":[{"count":9,"href":"https:\/\/rseattitude.fr\/index.php\/wp-json\/wp\/v2\/pages\/719\/revisions"}],"predecessor-version":[{"id":1834,"href":"https:\/\/rseattitude.fr\/index.php\/wp-json\/wp\/v2\/pages\/719\/revisions\/1834"}],"wp:featuredmedia":[{"embeddable":true,"href":"https:\/\/rseattitude.fr\/index.php\/wp-json\/wp\/v2\/media\/1832"}],"wp:attachment":[{"href":"https:\/\/rseattitude.fr\/index.php\/wp-json\/wp\/v2\/media?parent=719"}],"curies":[{"name":"wp","href":"https:\/\/api.w.org\/{rel}","templated":true}]}}