{"id":7,"date":"2018-09-14T14:37:51","date_gmt":"2018-09-14T12:37:51","guid":{"rendered":"http:\/\/rseattitude.fr\/?page_id=7"},"modified":"2026-02-13T15:07:15","modified_gmt":"2026-02-13T14:07:15","slug":"accueil","status":"publish","type":"page","link":"https:\/\/rseattitude.fr\/","title":{"rendered":"Accueil"},"content":{"rendered":"<p>Bienvenue chez RSE ATTITUDE !\u00a0<\/p>\n<p>Soci\u00e9t\u00e9 de conseil et formation au service des PME dans le domaine de la Responsabilit\u00e9 Soci\u00e9tale des Entreprises (RSE), nous accompagnons les entreprises \u00e0 am\u00e9liorer leurs impacts pour obtenir des retours sur investissements de leur engagement dans la RSE.<\/p>\n<div style=\"width: 525px;\" class=\"wp-video\"><!--[if lt IE 9]><script>document.createElement('video');<\/script><![endif]-->\n<video class=\"wp-video-shortcode\" id=\"video-7-1\" width=\"525\" height=\"295\" poster=\"https:\/\/rseattitude.fr\/wp-content\/uploads\/2025\/11\/Site-2025.jpg\" preload=\"metadata\" controls=\"controls\"><source type=\"video\/mp4\" src=\"https:\/\/rseattitude.fr\/wp-content\/uploads\/2025\/11\/MONTAGE-RSE-ATTITUDE-1080p.mp4?_=1\" \/><a href=\"https:\/\/rseattitude.fr\/wp-content\/uploads\/2025\/11\/MONTAGE-RSE-ATTITUDE-1080p.mp4\">https:\/\/rseattitude.fr\/wp-content\/uploads\/2025\/11\/MONTAGE-RSE-ATTITUDE-1080p.mp4<\/a><\/video><\/div>\n<p><u>Notre vision :\u00a0<\/u><\/p>\n<p><b>Mettre <\/b><b>la RSE au service de la performance durable des <\/b><b>entreprises.<\/b><\/p>\n<p><u>Nos valeurs <\/u><u>:<\/u><\/p>\n<p><b>Coop\u00e9ration<\/b><b>, Ecoute et <\/b><b>Engagement.<\/b><\/p>\n<p><u>Notre mission : <\/u><\/p>\n<p><b>Accompagner les entreprises <\/b><b>\u00e0<\/b><b>\u00a0<\/b><b>concilier durabilit\u00e9 et rentabilit\u00e9 pour des organisations align\u00e9es avec leurs <\/b><b>valeurs.<\/b><\/p>\n<p><u>Nos clients : <\/u><\/p>\n<p><strong>Les PME et ETI de tous secteurs d\u2019activit\u00e9s, pour des d\u00e9marches RSE simples, concr\u00e8tes et efficaces.<\/strong><\/p>\n<p><u>Notre diff\u00e9rence :<\/u><\/p>\n<p><b>Experts <\/b><b>en RSE <\/b><b>et <\/b><b>rien d&rsquo;autre<\/b><b>&#8230;avec 15 ans d\u2019exp\u00e9rience et des <\/b><b>convictions profondes.<\/b><\/p>\n<p><u>Notre embl\u00e8me : <\/u><\/p>\n<p><b>Le colibri pour faire notre part&#8230;comme le dit la l\u00e9gende am\u00e9rindienne !<\/b><\/p>\n<p>Et un logo aux 3 couleurs illustrant les 3 piliers du d\u00e9veloppement durable afin de <strong>concilier l&rsquo;Humain, la performance \u00e9conomique et le respect de l&rsquo;environnement<\/strong>&#8230;<\/p>\n\n<div class=\"wp-block-image Conseil RSE-Formation RSE-PME-conseil d\u00e9veloppement durable\">\n<figure class=\"aligncenter size-large is-resized\"><img fetchpriority=\"high\" decoding=\"async\" width=\"1024\" height=\"1024\" src=\"https:\/\/rseattitude.fr\/wp-content\/uploads\/2024\/01\/FondBlanc-avec-reflets-1-1024x1024.png\" alt=\"\" class=\"wp-image-1513\" style=\"width:328px;height:328px\" srcset=\"https:\/\/rseattitude.fr\/wp-content\/uploads\/2024\/01\/FondBlanc-avec-reflets-1-1024x1024.png 1024w, https:\/\/rseattitude.fr\/wp-content\/uploads\/2024\/01\/FondBlanc-avec-reflets-1-300x300.png 300w, https:\/\/rseattitude.fr\/wp-content\/uploads\/2024\/01\/FondBlanc-avec-reflets-1-150x150.png 150w, https:\/\/rseattitude.fr\/wp-content\/uploads\/2024\/01\/FondBlanc-avec-reflets-1-768x768.png 768w, https:\/\/rseattitude.fr\/wp-content\/uploads\/2024\/01\/FondBlanc-avec-reflets-1-1536x1536.png 1536w, https:\/\/rseattitude.fr\/wp-content\/uploads\/2024\/01\/FondBlanc-avec-reflets-1-100x100.png 100w, https:\/\/rseattitude.fr\/wp-content\/uploads\/2024\/01\/FondBlanc-avec-reflets-1.png 1563w\" sizes=\"(max-width: 767px) 89vw, (max-width: 1000px) 54vw, (max-width: 1071px) 543px, 580px\" \/><\/figure><\/div>","protected":false},"excerpt":{"rendered":"<p>Bienvenue chez RSE ATTITUDE !\u00a0 Soci\u00e9t\u00e9 de conseil et formation au service des PME dans le domaine de la Responsabilit\u00e9 Soci\u00e9tale des Entreprises (RSE), nous accompagnons les entreprises \u00e0 am\u00e9liorer leurs impacts pour obtenir des retours sur investissements de leur engagement dans la RSE. Notre vision :\u00a0 Mettre la RSE au service de la performance &hellip; <\/p>\n<p class=\"link-more\"><a href=\"https:\/\/rseattitude.fr\/\" class=\"more-link\">Continuer la lecture<span class=\"screen-reader-text\"> de &laquo;&nbsp;Accueil&nbsp;&raquo;<\/span><\/a><\/p>\n","protected":false},"author":1,"featured_media":0,"parent":0,"menu_order":0,"comment_status":"closed","ping_status":"closed","template":"","meta":{"footnotes":""},"class_list":["post-7","page","type-page","status-publish","hentry"],"_links":{"self":[{"href":"https:\/\/rseattitude.fr\/index.php\/wp-json\/wp\/v2\/pages\/7"}],"collection":[{"href":"https:\/\/rseattitude.fr\/index.php\/wp-json\/wp\/v2\/pages"}],"about":[{"href":"https:\/\/rseattitude.fr\/index.php\/wp-json\/wp\/v2\/types\/page"}],"author":[{"embeddable":true,"href":"https:\/\/rseattitude.fr\/index.php\/wp-json\/wp\/v2\/users\/1"}],"replies":[{"embeddable":true,"href":"https:\/\/rseattitude.fr\/index.php\/wp-json\/wp\/v2\/comments?post=7"}],"version-history":[{"count":56,"href":"https:\/\/rseattitude.fr\/index.php\/wp-json\/wp\/v2\/pages\/7\/revisions"}],"predecessor-version":[{"id":2012,"href":"https:\/\/rseattitude.fr\/index.php\/wp-json\/wp\/v2\/pages\/7\/revisions\/2012"}],"wp:attachment":[{"href":"https:\/\/rseattitude.fr\/index.php\/wp-json\/wp\/v2\/media?parent=7"}],"curies":[{"name":"wp","href":"https:\/\/api.w.org\/{rel}","templated":true}]}}