{"id":598,"date":"2020-05-25T11:55:25","date_gmt":"2020-05-25T09:55:25","guid":{"rendered":"http:\/\/rseattitude.fr\/?page_id=598"},"modified":"2020-05-25T15:14:40","modified_gmt":"2020-05-25T13:14:40","slug":"egalite-et-diversite","status":"publish","type":"page","link":"https:\/\/rseattitude.fr\/index.php\/conseil-rse-reporting-rse-rapport-rse-parties-prenantes-strategie-rse\/egalite-et-diversite\/","title":{"rendered":"Egalit\u00e9 et diversit\u00e9"},"content":{"rendered":"\n<p>Le sujet de <strong>l&rsquo;\u00e9galit\u00e9 professionnelle et de la promotion de la diversit\u00e9<\/strong> est au c\u0153ur des pr\u00e9occupations des acteurs de la soci\u00e9t\u00e9 actuelle car il&nbsp; s\u2019applique dans tous les champs li\u00e9s \u00e0 l\u2019emploi&nbsp;: r\u00e9mun\u00e9ration (\u00e9galit\u00e9 salariale) mais aussi recrutement (offres d\u2019emploi, entretiens d\u2019embauche non discriminants&#8230;), acc\u00e8s \u00e0 tous les postes, aux responsabilit\u00e9s et promotions, qualification et classification, acc\u00e8s \u00e0 la formation professionnelle,  articulation vie familiale \/ vie professionnelle, etc.<\/p>\n\n\n\n<p>Au del\u00e0 des proclamations d&rsquo;intentions, les organisations priv\u00e9es et publiques rentrent progressivement dans une phase d&rsquo;actions, encore faut-il conna\u00eetre <strong>les outils et m\u00e9thodes qui permettent d&rsquo;agir efficacement<\/strong> dans ce domaine. <\/p>\n\n\n\n<p>C&rsquo;est l&rsquo;objectif de notre approche d&rsquo;accompagnement au sein de RSE ATTITUDE qui vise \u00e0 aider les PME \u00e0 construire une d\u00e9marche \u00e9galit\u00e9\/diversit\u00e9 <strong>adapt\u00e9e \u00e0 leurs enjeux, leur taille ainsi qu&rsquo;\u00e0 leur organisation.<\/strong><\/p>\n\n\n\n<p>Pour cela, nous proc\u00e9dons en plusieurs \u00e9tapes : <\/p>\n\n\n\n<p>1\/ <strong>Etat des lieux des risques et opportunit\u00e9s diversit\u00e9 <\/strong>de votre entreprise en basant l&rsquo;analyse sur les 25 principaux crit\u00e8res de discriminations pr\u00e9vus dans la loi,<\/p>\n\n\n\n<p>2\/ <strong>\u00c9tablir votre strat\u00e9gie \u00e9galit\u00e9\/diversit\u00e9<\/strong> en termes d&rsquo;orientations strat\u00e9giques et d&rsquo;ambition partag\u00e9e en interne et engageante pour les \u00e9quipes,<\/p>\n\n\n\n<p>3\/ <strong>Int\u00e9grer les principes de l&rsquo;\u00e9galit\u00e9\/diversit\u00e9 \u00e0 chaque \u00e9tape de vos processus RH<\/strong> (recrutement, formation, promotion, etc.) gr\u00e2ce \u00e0 des outils adapt\u00e9s,<\/p>\n\n\n\n<p>4\/ <strong>Co-construction d&rsquo;un dispositif de formation et sensibilisation <\/strong>des salari\u00e9s aux questions de non discrimination afin de lutter contre les st\u00e9r\u00e9otypes de toute nature,<\/p>\n\n\n\n<p>5\/ <strong>Mise en place des outils de pilotage<\/strong> de votre d\u00e9marche \u00e9galit\u00e9\/diversit\u00e9 (choix des indicateurs, cellule d&rsquo;\u00e9coute, dispositifs de suivi, bilan annuel, etc.)<\/p>\n","protected":false},"excerpt":{"rendered":"<p>Le sujet de l&rsquo;\u00e9galit\u00e9 professionnelle et de la promotion de la diversit\u00e9 est au c\u0153ur des pr\u00e9occupations des acteurs de la soci\u00e9t\u00e9 actuelle car il&nbsp; s\u2019applique dans tous les champs li\u00e9s \u00e0 l\u2019emploi&nbsp;: r\u00e9mun\u00e9ration (\u00e9galit\u00e9 salariale) mais aussi recrutement (offres d\u2019emploi, entretiens d\u2019embauche non discriminants&#8230;), acc\u00e8s \u00e0 tous les postes, aux responsabilit\u00e9s et promotions, qualification &hellip; <\/p>\n<p class=\"link-more\"><a href=\"https:\/\/rseattitude.fr\/index.php\/conseil-rse-reporting-rse-rapport-rse-parties-prenantes-strategie-rse\/egalite-et-diversite\/\" class=\"more-link\">Continuer la lecture<span class=\"screen-reader-text\"> de &laquo;&nbsp;Egalit\u00e9 et diversit\u00e9&nbsp;&raquo;<\/span><\/a><\/p>\n","protected":false},"author":1,"featured_media":603,"parent":200,"menu_order":0,"comment_status":"closed","ping_status":"closed","template":"","meta":{"footnotes":""},"class_list":["post-598","page","type-page","status-publish","has-post-thumbnail","hentry"],"_links":{"self":[{"href":"https:\/\/rseattitude.fr\/index.php\/wp-json\/wp\/v2\/pages\/598"}],"collection":[{"href":"https:\/\/rseattitude.fr\/index.php\/wp-json\/wp\/v2\/pages"}],"about":[{"href":"https:\/\/rseattitude.fr\/index.php\/wp-json\/wp\/v2\/types\/page"}],"author":[{"embeddable":true,"href":"https:\/\/rseattitude.fr\/index.php\/wp-json\/wp\/v2\/users\/1"}],"replies":[{"embeddable":true,"href":"https:\/\/rseattitude.fr\/index.php\/wp-json\/wp\/v2\/comments?post=598"}],"version-history":[{"count":5,"href":"https:\/\/rseattitude.fr\/index.php\/wp-json\/wp\/v2\/pages\/598\/revisions"}],"predecessor-version":[{"id":606,"href":"https:\/\/rseattitude.fr\/index.php\/wp-json\/wp\/v2\/pages\/598\/revisions\/606"}],"up":[{"embeddable":true,"href":"https:\/\/rseattitude.fr\/index.php\/wp-json\/wp\/v2\/pages\/200"}],"wp:featuredmedia":[{"embeddable":true,"href":"https:\/\/rseattitude.fr\/index.php\/wp-json\/wp\/v2\/media\/603"}],"wp:attachment":[{"href":"https:\/\/rseattitude.fr\/index.php\/wp-json\/wp\/v2\/media?parent=598"}],"curies":[{"name":"wp","href":"https:\/\/api.w.org\/{rel}","templated":true}]}}