{"id":594,"date":"2020-05-25T11:36:25","date_gmt":"2020-05-25T09:36:25","guid":{"rendered":"http:\/\/rseattitude.fr\/?page_id=594"},"modified":"2020-05-25T15:15:13","modified_gmt":"2020-05-25T13:15:13","slug":"achats-responsables","status":"publish","type":"page","link":"https:\/\/rseattitude.fr\/index.php\/conseil-rse-reporting-rse-rapport-rse-parties-prenantes-strategie-rse\/achats-responsables\/","title":{"rendered":"Achats responsables"},"content":{"rendered":"\n<p>Vous souhaitez <strong>redonner du sens \u00e0 vos achats <\/strong>et mieux int\u00e9grer des crit\u00e8res environnementaux et sociaux dans votre politique d&rsquo;achats ? ou bien remobiliser vos acheteurs.euses autour d&rsquo;un m\u00e9tier plus en phase avec leurs valeurs humaines ?<\/p>\n\n\n\n<ul class=\"wp-block-list\"><li>De plus en plus d&rsquo;entreprises souhaitent aujourd&rsquo;hui <strong>valoriser&nbsp; leur engagement en mati\u00e8re de D\u00e9veloppement Durable<\/strong> afin d&rsquo;en faire un axe de diff\u00e9renciation par rapport aux concurrents et ainsi am\u00e9liorer leur image.<\/li><\/ul>\n\n\n\n<ul class=\"wp-block-list\"><li>On constate que les Directions ou Services Achats n&rsquo;\u00e9chappent pas \u00e0 ce ph\u00e9nom\u00e8ne avec le <strong>d\u00e9veloppement de d\u00e9marches d&rsquo;achats responsables<\/strong> de plus en plus avanc\u00e9es dans les entreprises en lien avec la strat\u00e9gie RSE.<\/li><\/ul>\n\n\n\n<ul class=\"wp-block-list\"><li>Longtemps rest\u00e9s l&rsquo;apanage des grands groupes et des administrations, les <strong>achats responsables s&rsquo;int\u00e8grent aujourd&rsquo;hui de plus en plus dans les PME<\/strong> qui adoptent ces nouveaux principes dans les relations avec leurs propres fournisseurs.<\/li><\/ul>\n\n\n\n<ul class=\"wp-block-list\"><li> Il est donc essentiel \u00e0 l&rsquo;heure actuelle de se doter des outils et m\u00e9thodes adapt\u00e9s permettant de conduire une <strong>d\u00e9marche d&rsquo;achats responsables efficace et synonyme de retour sur investissement <\/strong>pour toute entreprise.<\/li><\/ul>\n\n\n\n<p>Chez RSE ATTITUDE, nous accompagnons les entreprises \u00e0 d\u00e9ployer une <strong>d\u00e9marche concr\u00e8te et structur\u00e9e d\u2019achats responsables<\/strong>, qui puisse contribuer de fa\u00e7on op\u00e9rationnelle \u00e0 la politique D\u00e9veloppement Durable et \u00e0 la <strong>performance globale de l\u2019entreprise<\/strong>. <\/p>\n\n\n\n<p>Gr\u00e2ce \u00e0 <strong>l&rsquo;apport d&rsquo;outils facilement utilisables dans les PME<\/strong>, nous aidons les organisations \u00e0 questionner leur porte-feuille d&rsquo;achats gr\u00e2ce aux crit\u00e8res de Responsabilit\u00e9 Soci\u00e9tale : \u00e9laboration de questionnaires RSE destin\u00e9s aux principaux fournisseurs, r\u00e9daction de charte achats responsables, \u00e9valuation des fournisseurs, audits RSE sont autant de bonnes pratiques vers lesquelles nous guidons les entreprises avec passion.<\/p>\n\n\n\n<p>Au final, c&rsquo;est toute l&rsquo;entreprise qui est gagnante, les salari\u00e9s sont engag\u00e9s et motiv\u00e9s \u00e0 travailler dans une structure <strong>plus humaine ; les b\u00e9n\u00e9fices \u00e9conomiques et soci\u00e9taux sont multiples<\/strong> (par exemple : relocalisation, r\u00e9duction des d\u00e9placements gr\u00e2ce aux achats locaux, faciliter l&rsquo;\u00e9mergence de nouveaux acteurs engag\u00e9s dans le d\u00e9veloppement durable, innovation responsables, contribuer \u00e0 l&#8217;emploi des personnes handicap\u00e9es, etc.)<\/p>\n","protected":false},"excerpt":{"rendered":"<p>Vous souhaitez redonner du sens \u00e0 vos achats et mieux int\u00e9grer des crit\u00e8res environnementaux et sociaux dans votre politique d&rsquo;achats ? ou bien remobiliser vos acheteurs.euses autour d&rsquo;un m\u00e9tier plus en phase avec leurs valeurs humaines ? De plus en plus d&rsquo;entreprises souhaitent aujourd&rsquo;hui valoriser&nbsp; leur engagement en mati\u00e8re de D\u00e9veloppement Durable afin d&rsquo;en faire &hellip; <\/p>\n<p class=\"link-more\"><a href=\"https:\/\/rseattitude.fr\/index.php\/conseil-rse-reporting-rse-rapport-rse-parties-prenantes-strategie-rse\/achats-responsables\/\" class=\"more-link\">Continuer la lecture<span class=\"screen-reader-text\"> de &laquo;&nbsp;Achats responsables&nbsp;&raquo;<\/span><\/a><\/p>\n","protected":false},"author":1,"featured_media":596,"parent":200,"menu_order":0,"comment_status":"closed","ping_status":"closed","template":"","meta":{"footnotes":""},"class_list":["post-594","page","type-page","status-publish","has-post-thumbnail","hentry"],"_links":{"self":[{"href":"https:\/\/rseattitude.fr\/index.php\/wp-json\/wp\/v2\/pages\/594"}],"collection":[{"href":"https:\/\/rseattitude.fr\/index.php\/wp-json\/wp\/v2\/pages"}],"about":[{"href":"https:\/\/rseattitude.fr\/index.php\/wp-json\/wp\/v2\/types\/page"}],"author":[{"embeddable":true,"href":"https:\/\/rseattitude.fr\/index.php\/wp-json\/wp\/v2\/users\/1"}],"replies":[{"embeddable":true,"href":"https:\/\/rseattitude.fr\/index.php\/wp-json\/wp\/v2\/comments?post=594"}],"version-history":[{"count":2,"href":"https:\/\/rseattitude.fr\/index.php\/wp-json\/wp\/v2\/pages\/594\/revisions"}],"predecessor-version":[{"id":608,"href":"https:\/\/rseattitude.fr\/index.php\/wp-json\/wp\/v2\/pages\/594\/revisions\/608"}],"up":[{"embeddable":true,"href":"https:\/\/rseattitude.fr\/index.php\/wp-json\/wp\/v2\/pages\/200"}],"wp:featuredmedia":[{"embeddable":true,"href":"https:\/\/rseattitude.fr\/index.php\/wp-json\/wp\/v2\/media\/596"}],"wp:attachment":[{"href":"https:\/\/rseattitude.fr\/index.php\/wp-json\/wp\/v2\/media?parent=594"}],"curies":[{"name":"wp","href":"https:\/\/api.w.org\/{rel}","templated":true}]}}