{"id":572,"date":"2020-05-23T11:54:42","date_gmt":"2020-05-23T09:54:42","guid":{"rendered":"http:\/\/rseattitude.fr\/?page_id=572"},"modified":"2020-05-23T11:54:42","modified_gmt":"2020-05-23T09:54:42","slug":"bilan-carbone","status":"publish","type":"page","link":"https:\/\/rseattitude.fr\/index.php\/conseil-rse-reporting-rse-rapport-rse-parties-prenantes-strategie-rse\/bilan-carbone\/","title":{"rendered":"Bilan carbone"},"content":{"rendered":"\n<p>Vous souhaitez <strong>r\u00e9duire votre empreinte carbone<\/strong> ? Vous voulez agir concr\u00e8tement dans votre PME pour <strong>lutter contre le r\u00e9chauffement climatique <\/strong>? Si c&rsquo;est le cas, alors, tr\u00e8s bonne d\u00e9cision, bravo ! <\/p>\n\n\n\n<p>Et pour bien d\u00e9buter ce projet, et emprunter le bon chemin qui vous fera gagner beaucoup de temps et d&rsquo;\u00e9nergie (renouvelable bien-sur&#8230;), il est fortement conseill\u00e9 de partir d&rsquo;un \u00e9tat des lieux. En effet, pour s&rsquo;am\u00e9liorer, il est primordial d&rsquo;\u00e9valuer d\u2019o\u00f9 l&rsquo;on part c&rsquo;est \u00e0 dire de mesurer son empreinte carbone \u00e0 un instant T. <\/p>\n\n\n\n<p>R\u00e9aliser le bilan carbone de votre entreprise ou plus pr\u00e9cis\u00e9ment, <strong>le bilan GES pour \u00ab\u00a0Gaz \u00e0 Effet de Serre\u00a0\u00bb<\/strong> constitue le bon point de d\u00e9part. Il va vous permettre de savoir pr\u00e9cis\u00e9ment quels sont les postes d&rsquo;\u00e9missions de gaz \u00e0 effet de serre les plus importants dans votre entreprise et donc, d&rsquo;agir en cons\u00e9quence. Est-ce que ce sont les transports professionnels, les achats de mati\u00e8res premi\u00e8res, les d\u00e9chets g\u00e9n\u00e9r\u00e9s par votre activit\u00e9, les transports domicile-travail de vos salari\u00e9s, la production d&rsquo;\u00e9nergie, etc. ? Vous y verrez beaucoup plus clair ensuite afin <strong>d&rsquo;activer les bons leviers aboutissant \u00e0 la r\u00e9duction de votre empreinte carbone<\/strong>. Et le tout en impliquant vos salari\u00e9s bien \u00e9videmment, c&rsquo;est toujours mieux pour conduire efficacement le changement !<\/p>\n\n\n\n<p>Notre vocation au sein de RSE ATTITUDE \u00e9tant <strong>d&rsquo;aider les PME \u00e0 agir concr\u00e8tement en mati\u00e8re de d\u00e9veloppement durable<\/strong>, nous avons donc d\u00e9velopp\u00e9 un outil simple de r\u00e9alisation d&rsquo;un bilan carbone parfaitement adapt\u00e9 aux petites et moyennes entreprises. En nous appuyant sur les facteurs d&rsquo;\u00e9missions officiels propos\u00e9s par l&rsquo;ADEME, l&rsquo;objectif est de vous donner la vision synth\u00e9tique de l&#8217;empreinte carbone de votre organisation. De plus, en fonction des r\u00e9sultats obtenus pour votre PME, nous fournissons dans les rapports d&rsquo;\u00e9tude tous les conseils et astuces pour r\u00e9duire vos \u00e9missions de CO2 \u00e0 long terme et de fa\u00e7on adapt\u00e9e \u00e0 votre entreprise.<\/p>\n\n\n\n<p>Si vous voulez en savoir plus, <a href=\"https:\/\/rseattitude.fr\/index.php\/contact-conseil-rse-formation-rse-formation-developpement-durable\/\">contactez-nous ! <\/a><\/p>\n","protected":false},"excerpt":{"rendered":"<p>Vous souhaitez r\u00e9duire votre empreinte carbone ? Vous voulez agir concr\u00e8tement dans votre PME pour lutter contre le r\u00e9chauffement climatique ? Si c&rsquo;est le cas, alors, tr\u00e8s bonne d\u00e9cision, bravo ! Et pour bien d\u00e9buter ce projet, et emprunter le bon chemin qui vous fera gagner beaucoup de temps et d&rsquo;\u00e9nergie (renouvelable bien-sur&#8230;), il est &hellip; <\/p>\n<p class=\"link-more\"><a href=\"https:\/\/rseattitude.fr\/index.php\/conseil-rse-reporting-rse-rapport-rse-parties-prenantes-strategie-rse\/bilan-carbone\/\" class=\"more-link\">Continuer la lecture<span class=\"screen-reader-text\"> de &laquo;&nbsp;Bilan carbone&nbsp;&raquo;<\/span><\/a><\/p>\n","protected":false},"author":1,"featured_media":577,"parent":200,"menu_order":0,"comment_status":"closed","ping_status":"closed","template":"","meta":{"footnotes":""},"class_list":["post-572","page","type-page","status-publish","has-post-thumbnail","hentry"],"_links":{"self":[{"href":"https:\/\/rseattitude.fr\/index.php\/wp-json\/wp\/v2\/pages\/572"}],"collection":[{"href":"https:\/\/rseattitude.fr\/index.php\/wp-json\/wp\/v2\/pages"}],"about":[{"href":"https:\/\/rseattitude.fr\/index.php\/wp-json\/wp\/v2\/types\/page"}],"author":[{"embeddable":true,"href":"https:\/\/rseattitude.fr\/index.php\/wp-json\/wp\/v2\/users\/1"}],"replies":[{"embeddable":true,"href":"https:\/\/rseattitude.fr\/index.php\/wp-json\/wp\/v2\/comments?post=572"}],"version-history":[{"count":4,"href":"https:\/\/rseattitude.fr\/index.php\/wp-json\/wp\/v2\/pages\/572\/revisions"}],"predecessor-version":[{"id":576,"href":"https:\/\/rseattitude.fr\/index.php\/wp-json\/wp\/v2\/pages\/572\/revisions\/576"}],"up":[{"embeddable":true,"href":"https:\/\/rseattitude.fr\/index.php\/wp-json\/wp\/v2\/pages\/200"}],"wp:featuredmedia":[{"embeddable":true,"href":"https:\/\/rseattitude.fr\/index.php\/wp-json\/wp\/v2\/media\/577"}],"wp:attachment":[{"href":"https:\/\/rseattitude.fr\/index.php\/wp-json\/wp\/v2\/media?parent=572"}],"curies":[{"name":"wp","href":"https:\/\/api.w.org\/{rel}","templated":true}]}}