{"id":550,"date":"2020-05-20T16:22:30","date_gmt":"2020-05-20T14:22:30","guid":{"rendered":"http:\/\/rseattitude.fr\/?page_id=550"},"modified":"2025-04-17T15:11:18","modified_gmt":"2025-04-17T13:11:18","slug":"diagnostic-rse","status":"publish","type":"page","link":"https:\/\/rseattitude.fr\/index.php\/conseil-rse-reporting-rse-rapport-rse-parties-prenantes-strategie-rse\/diagnostic-rse\/","title":{"rendered":"Diagnostic RSE"},"content":{"rendered":"\n<p>La finalit\u00e9 d&rsquo;un diagnostic RSE est de dresser un \u00e9tat des lieux pr\u00e9cis d&rsquo;une entreprise en se basant sur <strong>l\u2019ensemble des crit\u00e8res RSE <\/strong>afin de pr\u00e9parer l\u2019\u00e9laboration d&rsquo;une strat\u00e9gie RSE adapt\u00e9e aux enjeux de son m\u00e9tier, ainsi qu\u2019aux attentes de ses parties prenantes<\/p>\n\n\n\n<p>Nous r\u00e9alisons des diagnostics dans les PME selon notre m\u00e9thodologie reposant sur le r\u00e9f\u00e9rentiel RSE <strong>ISO 26000 <\/strong>qui est la norme de r\u00e9f\u00e9rence au niveau mondial pour \u00e9valuer les performances RSE des organisations.&nbsp; Le diagnostic se d\u00e9roule en 3 \u00e9tapes :<\/p>\n\n\n\n<p>ETAPE 1 : <strong>Collecte des donn\u00e9es<\/strong> via une \u00e9tude documentaire approfondie et des entretiens sur site avec les parties prenantes internes et externes cl\u00e9s de l&rsquo;entreprise<\/p>\n\n\n\n<p><\/p>\n\n\n\n<p>ETAPE 2 : <strong>Analyse des informations<\/strong> permettant d\u2019\u00e9valuer le niveau de maturit\u00e9 des pratiques de Responsabilit\u00e9 Soci\u00e9tale des Organisations sur l\u2019ensemble des 7 questions centrales et des 37 Domaines d\u2019Actions de la norme ISO 26000 :<strong> <\/strong>Gouvernance, Bonnes pratiques des affaires, Droits de l\u2019Homme, Relations et conditions de travail, Contribution au d\u00e9veloppement\u00a0 local, Protection du consommateur, Environnement<\/p>\n\n\n\n<p><\/p>\n\n\n\n<p>ETAPE 3 : <strong>Pr\u00e9sentation des r\u00e9sultats<\/strong> aupr\u00e8s de la gouvernance pour identifier les points forts et les voies de progr\u00e8s sur chaque question centrale de l&rsquo;ISO 26000. Nous proposons \u00e9galement \u00e0 nos clients des pr\u00e9conisations concr\u00e8tes et facilement applicables afin d&rsquo;engager une strat\u00e9gie RSE efficace.<\/p>\n\n\n\n<p><\/p>\n","protected":false},"excerpt":{"rendered":"<p>La finalit\u00e9 d&rsquo;un diagnostic RSE est de dresser un \u00e9tat des lieux pr\u00e9cis d&rsquo;une entreprise en se basant sur l\u2019ensemble des crit\u00e8res RSE afin de pr\u00e9parer l\u2019\u00e9laboration d&rsquo;une strat\u00e9gie RSE adapt\u00e9e aux enjeux de son m\u00e9tier, ainsi qu\u2019aux attentes de ses parties prenantes Nous r\u00e9alisons des diagnostics dans les PME selon notre m\u00e9thodologie reposant sur &hellip; <\/p>\n<p class=\"link-more\"><a href=\"https:\/\/rseattitude.fr\/index.php\/conseil-rse-reporting-rse-rapport-rse-parties-prenantes-strategie-rse\/diagnostic-rse\/\" class=\"more-link\">Continuer la lecture<span class=\"screen-reader-text\"> de &laquo;&nbsp;Diagnostic RSE&nbsp;&raquo;<\/span><\/a><\/p>\n","protected":false},"author":1,"featured_media":1808,"parent":200,"menu_order":0,"comment_status":"closed","ping_status":"closed","template":"","meta":{"footnotes":""},"class_list":["post-550","page","type-page","status-publish","has-post-thumbnail","hentry"],"_links":{"self":[{"href":"https:\/\/rseattitude.fr\/index.php\/wp-json\/wp\/v2\/pages\/550"}],"collection":[{"href":"https:\/\/rseattitude.fr\/index.php\/wp-json\/wp\/v2\/pages"}],"about":[{"href":"https:\/\/rseattitude.fr\/index.php\/wp-json\/wp\/v2\/types\/page"}],"author":[{"embeddable":true,"href":"https:\/\/rseattitude.fr\/index.php\/wp-json\/wp\/v2\/users\/1"}],"replies":[{"embeddable":true,"href":"https:\/\/rseattitude.fr\/index.php\/wp-json\/wp\/v2\/comments?post=550"}],"version-history":[{"count":5,"href":"https:\/\/rseattitude.fr\/index.php\/wp-json\/wp\/v2\/pages\/550\/revisions"}],"predecessor-version":[{"id":558,"href":"https:\/\/rseattitude.fr\/index.php\/wp-json\/wp\/v2\/pages\/550\/revisions\/558"}],"up":[{"embeddable":true,"href":"https:\/\/rseattitude.fr\/index.php\/wp-json\/wp\/v2\/pages\/200"}],"wp:featuredmedia":[{"embeddable":true,"href":"https:\/\/rseattitude.fr\/index.php\/wp-json\/wp\/v2\/media\/1808"}],"wp:attachment":[{"href":"https:\/\/rseattitude.fr\/index.php\/wp-json\/wp\/v2\/media?parent=550"}],"curies":[{"name":"wp","href":"https:\/\/api.w.org\/{rel}","templated":true}]}}