{"id":539,"date":"2020-05-20T16:00:49","date_gmt":"2020-05-20T14:00:49","guid":{"rendered":"http:\/\/rseattitude.fr\/?page_id=539"},"modified":"2024-02-08T17:56:41","modified_gmt":"2024-02-08T16:56:41","slug":"rapport-et-reporting-rse-conformite-csrd-directive-europeenne","status":"publish","type":"page","link":"https:\/\/rseattitude.fr\/index.php\/conseil-rse-reporting-rse-rapport-rse-parties-prenantes-strategie-rse\/rapport-et-reporting-rse-conformite-csrd-directive-europeenne\/","title":{"rendered":"Rapport et Reporting RSE"},"content":{"rendered":"\n<p>Rendre compte \u00e0 l&rsquo;ensemble de ses parties prenantes de son engagement <strong>v\u00e9ritable et sinc\u00e8re<\/strong> dans la Responsabilit\u00e9 Soci\u00e9tale, telle est la finalit\u00e9 du rapport RSE. <\/p>\n\n\n\n<p>RSE ATTITUDE accompagne les entreprises soumises aux obligations r\u00e8glementaires de reporting extra financier et en particulier \u00e0 la directive europ\u00e9enne CSRD. Le but est d&rsquo;aider les PME \u00e0 r\u00e9aliser leur matrice de double mat\u00e9rialit\u00e9 impos\u00e9e par la nouvelle l\u00e9gislation et d&rsquo;\u00e9tablir leur reporting de durabilit\u00e9 int\u00e9grant les indicateurs sociaux, environnementaux et de gouvernance.<\/p>\n\n\n\n<p>Au del\u00e0 du respect de cette obligation r\u00e9glementaire, nous \u00e9voquons aussi les d\u00e9marches volontaires des TPE et PME qui souhaitent communiquer en toute transparence sur leurs actions en mati\u00e8re de d\u00e9veloppement durable.<\/p>\n\n\n\n<p>Toute d\u00e9marche de communication et de valorisation des atouts RSE d&rsquo;une entreprise ne s&rsquo;improvise pas au risque d&rsquo;\u00eatre tax\u00e9 de <strong>greenwahing<\/strong> ou d&rsquo;abus de communication verte&#8230;le danger guette \u00e0 qui ne ma\u00eetrise pas les techniques de la communication responsable.<\/p>\n\n\n\n<p class=\"rapport rse reporting indicateurs conformit\u00e9 directive CSRD\">Au sein de RSE ATTITUDE, cabinet conseil expert en RSE, nous \u0153uvrons depuis plus de 13 ans maintenant aupr\u00e8s des entreprises afin de les aider \u00e0 faire de leur d\u00e9marche RSE un v\u00e9ritable axe de diff\u00e9renciation aupr\u00e8s de leurs clients mais aussi de toutes leurs parties prenantes. Cela n\u00e9cessite pragmatisme, cr\u00e9ativit\u00e9 et humilit\u00e9. Ainsi, notre <strong>expertise de la communication responsable<\/strong> est mise au service des PME qui ne sont pas forc\u00e9ment dot\u00e9s d&rsquo;un service RSE ou communication.<\/p>\n\n\n\n<p>Cela consiste \u00e0 partir des engagements RSE concr\u00e8tement d\u00e9ploy\u00e9s par l&rsquo;entreprise afin de les faire r\u00e9sonner dans une strat\u00e9gie plus globale, porteuse de sens et illustr\u00e9e de donn\u00e9es chiffr\u00e9es. En effet, le <strong>reporting RSE <\/strong>fait partie int\u00e9grante du rapport RSE car il est gage de transparence et il va faciliter le pilotage de l&rsquo;am\u00e9lioration continue des performances RSE d&rsquo;une organisation.<\/p>\n\n\n\n<p>Notre m\u00e9thodologie d&rsquo;accompagnement est parfaitement adapt\u00e9e aux PME et TPE afin qu&rsquo;elles b\u00e9n\u00e9ficient d&rsquo;un outil de reporting simple et facilement utilisable au quotidien. L&rsquo;appui \u00e0 la <strong>r\u00e9daction d&rsquo;un premier rapport RSE et \u00e0 la cr\u00e9ation d&rsquo;un reporting d&rsquo;indicateurs RSE<\/strong> <strong>synth\u00e9tique<\/strong> constitue donc l&rsquo;objet de missions fr\u00e9quentes aupr\u00e8s de nos clients.<\/p>\n","protected":false},"excerpt":{"rendered":"<p>Rendre compte \u00e0 l&rsquo;ensemble de ses parties prenantes de son engagement v\u00e9ritable et sinc\u00e8re dans la Responsabilit\u00e9 Soci\u00e9tale, telle est la finalit\u00e9 du rapport RSE. RSE ATTITUDE accompagne les entreprises soumises aux obligations r\u00e8glementaires de reporting extra financier et en particulier \u00e0 la directive europ\u00e9enne CSRD. Le but est d&rsquo;aider les PME \u00e0 r\u00e9aliser leur &hellip; <\/p>\n<p class=\"link-more\"><a href=\"https:\/\/rseattitude.fr\/index.php\/conseil-rse-reporting-rse-rapport-rse-parties-prenantes-strategie-rse\/rapport-et-reporting-rse-conformite-csrd-directive-europeenne\/\" class=\"more-link\">Continuer la lecture<span class=\"screen-reader-text\"> de &laquo;&nbsp;Rapport et Reporting RSE&nbsp;&raquo;<\/span><\/a><\/p>\n","protected":false},"author":1,"featured_media":547,"parent":200,"menu_order":0,"comment_status":"closed","ping_status":"closed","template":"","meta":{"footnotes":""},"class_list":["post-539","page","type-page","status-publish","has-post-thumbnail","hentry"],"_links":{"self":[{"href":"https:\/\/rseattitude.fr\/index.php\/wp-json\/wp\/v2\/pages\/539"}],"collection":[{"href":"https:\/\/rseattitude.fr\/index.php\/wp-json\/wp\/v2\/pages"}],"about":[{"href":"https:\/\/rseattitude.fr\/index.php\/wp-json\/wp\/v2\/types\/page"}],"author":[{"embeddable":true,"href":"https:\/\/rseattitude.fr\/index.php\/wp-json\/wp\/v2\/users\/1"}],"replies":[{"embeddable":true,"href":"https:\/\/rseattitude.fr\/index.php\/wp-json\/wp\/v2\/comments?post=539"}],"version-history":[{"count":25,"href":"https:\/\/rseattitude.fr\/index.php\/wp-json\/wp\/v2\/pages\/539\/revisions"}],"predecessor-version":[{"id":1621,"href":"https:\/\/rseattitude.fr\/index.php\/wp-json\/wp\/v2\/pages\/539\/revisions\/1621"}],"up":[{"embeddable":true,"href":"https:\/\/rseattitude.fr\/index.php\/wp-json\/wp\/v2\/pages\/200"}],"wp:featuredmedia":[{"embeddable":true,"href":"https:\/\/rseattitude.fr\/index.php\/wp-json\/wp\/v2\/media\/547"}],"wp:attachment":[{"href":"https:\/\/rseattitude.fr\/index.php\/wp-json\/wp\/v2\/media?parent=539"}],"curies":[{"name":"wp","href":"https:\/\/api.w.org\/{rel}","templated":true}]}}