{"id":411,"date":"2019-02-18T15:50:35","date_gmt":"2019-02-18T14:50:35","guid":{"rendered":"http:\/\/rseattitude.fr\/?page_id=411"},"modified":"2025-04-17T15:13:39","modified_gmt":"2025-04-17T13:13:39","slug":"label-rse-cabinet-conseil-rse-iso-26000","status":"publish","type":"page","link":"https:\/\/rseattitude.fr\/index.php\/label-rse-cabinet-conseil-rse-iso-26000\/","title":{"rendered":"Labellisation RSE"},"content":{"rendered":"<p>L&rsquo;\u00e9quipe de RSE ATTITUDE est \u00e9galement pr\u00e9sente \u00e0 vos c\u00f4t\u00e9s pour vous accompagner vers <strong>l&rsquo;obtention d&rsquo;un label RSE <\/strong>d\u00e9livr\u00e9 par un organisme certificateur externe.<\/p>\n<p>Au sein de notre cabinet conseil expert en Responsabilit\u00e9 Soci\u00e9tale des Entreprises, nous disposons d&rsquo;une grande expertise des principaux labels RSE actuels :<\/p>\n<ul>\n<li>Label <a href=\"https:\/\/certification.afnor.org\/developpement-durable-rse\/label-engage-rse\" target=\"_blank\" rel=\"noopener noreferrer\"><strong>Engag\u00e9 RSE de l&rsquo;AFNOR<\/strong>\u00a0<\/a><\/li>\n<li>Label <a href=\"https:\/\/www.labellucie.com\/\" target=\"_blank\" rel=\"noopener noreferrer\"><strong>LUCIE 26000<\/strong><\/a><\/li>\n<li>Label <strong><a href=\"https:\/\/bcorporation.eu\/about-b-lab\/country-partner\/france\">B-Corp<\/a><\/strong><\/li>\n<li>Label <strong><a href=\"https:\/\/www.ecocert.com\/fr-FR\/certification\/responsabilite-societale-des-entreprises-ecocert-26000\">Ecocert 26000<\/a><\/strong><\/li>\n<li>Label <a href=\"https:\/\/certification.afnor.org\/ressources-humaines\/label-egalite-professionnelle-entre-les-femmes-et-les-hommes\" target=\"_blank\" rel=\"noopener noreferrer\"><strong>Egalit\u00e9\/Diversit\u00e9<\/strong><\/a><\/li>\n<li>Label <a href=\"http:\/\/www.rfar.fr\/\" target=\"_blank\" rel=\"noopener noreferrer\"><strong>Relations Fournisseurs et Achats Responsables<\/strong><\/a><\/li>\n<li>Label <a href=\"https:\/\/certification.afnor.org\/developpement-durable-rse\/label-responsabilite-sociale\" target=\"_blank\" rel=\"noopener noreferrer\"><strong>Responsabilit\u00e9 Sociale des Centres de Relation Clients<\/strong><\/a><\/li>\n<li>Etc.<\/li>\n<\/ul>\n<p>Nous r\u00e9alisons des <strong>\u00ab\u00a0audits \u00e0 blanc\u00a0\u00bb<\/strong> des entreprises gr\u00e2ce \u00e0 des entretiens sur site aboutissant \u00e0 la production d&rsquo;un rapport d\u00e9taill\u00e9. L&rsquo;int\u00e9r\u00eat\u00a0 est de pouvoir vous situer par rapport au respect des r\u00e9f\u00e9rentiels RSE propos\u00e9s par les organismes certificateurs.<\/p>\n<p>De plus, nous proposons en compl\u00e9ment un accompagnement de A \u00e0 Z pour aider les entreprises \u00e0 r\u00e9pondre au <strong>questionnaire RSE d&rsquo;ECOVADIS<\/strong>. Nous avons d\u00e9velopp\u00e9 une offre adapt\u00e9e sp\u00e9cifiquement aux PME que vous pouvez d\u00e9couvrir<a href=\"https:\/\/rseattitude.fr\/index.php\/repondre-aux-questionnaires-ecovadis-ou-acesia\/\"> ICI<\/a>.<\/p>\n<p>Cela vous permettra \u00e9galement d&rsquo;engager les actions n\u00e9cessaires afin d&rsquo;obtenir le maximum de points lors de la labellisation finale et ainsi optimiser vos performances RSE pour la satisfaction de toutes vos parties prenantes.<\/p>\n\n<div class=\"wp-block-image\">\n<figure class=\"aligncenter size-large is-resized\"><img fetchpriority=\"high\" decoding=\"async\" width=\"1024\" height=\"540\" src=\"https:\/\/rseattitude.fr\/wp-content\/uploads\/2024\/01\/FondBlanc-avec-reflets-petit-1024x540.png\" alt=\"\" class=\"wp-image-1523\" style=\"width:274px;height:144px\" srcset=\"https:\/\/rseattitude.fr\/wp-content\/uploads\/2024\/01\/FondBlanc-avec-reflets-petit-1024x540.png 1024w, https:\/\/rseattitude.fr\/wp-content\/uploads\/2024\/01\/FondBlanc-avec-reflets-petit-300x158.png 300w, https:\/\/rseattitude.fr\/wp-content\/uploads\/2024\/01\/FondBlanc-avec-reflets-petit-768x405.png 768w, https:\/\/rseattitude.fr\/wp-content\/uploads\/2024\/01\/FondBlanc-avec-reflets-petit-1536x811.png 1536w, https:\/\/rseattitude.fr\/wp-content\/uploads\/2024\/01\/FondBlanc-avec-reflets-petit.png 1563w\" sizes=\"(max-width: 767px) 89vw, (max-width: 1000px) 54vw, (max-width: 1071px) 543px, 580px\" \/><\/figure><\/div>","protected":false},"excerpt":{"rendered":"<p>L&rsquo;\u00e9quipe de RSE ATTITUDE est \u00e9galement pr\u00e9sente \u00e0 vos c\u00f4t\u00e9s pour vous accompagner vers l&rsquo;obtention d&rsquo;un label RSE d\u00e9livr\u00e9 par un organisme certificateur externe. Au sein de notre cabinet conseil expert en Responsabilit\u00e9 Soci\u00e9tale des Entreprises, nous disposons d&rsquo;une grande expertise des principaux labels RSE actuels : Label Engag\u00e9 RSE de l&rsquo;AFNOR\u00a0 Label LUCIE 26000 &hellip; <\/p>\n<p class=\"link-more\"><a href=\"https:\/\/rseattitude.fr\/index.php\/label-rse-cabinet-conseil-rse-iso-26000\/\" class=\"more-link\">Continuer la lecture<span class=\"screen-reader-text\"> de &laquo;&nbsp;Labellisation RSE&nbsp;&raquo;<\/span><\/a><\/p>\n","protected":false},"author":1,"featured_media":1810,"parent":0,"menu_order":0,"comment_status":"closed","ping_status":"closed","template":"","meta":{"footnotes":""},"class_list":["post-411","page","type-page","status-publish","has-post-thumbnail","hentry"],"_links":{"self":[{"href":"https:\/\/rseattitude.fr\/index.php\/wp-json\/wp\/v2\/pages\/411"}],"collection":[{"href":"https:\/\/rseattitude.fr\/index.php\/wp-json\/wp\/v2\/pages"}],"about":[{"href":"https:\/\/rseattitude.fr\/index.php\/wp-json\/wp\/v2\/types\/page"}],"author":[{"embeddable":true,"href":"https:\/\/rseattitude.fr\/index.php\/wp-json\/wp\/v2\/users\/1"}],"replies":[{"embeddable":true,"href":"https:\/\/rseattitude.fr\/index.php\/wp-json\/wp\/v2\/comments?post=411"}],"version-history":[{"count":18,"href":"https:\/\/rseattitude.fr\/index.php\/wp-json\/wp\/v2\/pages\/411\/revisions"}],"predecessor-version":[{"id":1805,"href":"https:\/\/rseattitude.fr\/index.php\/wp-json\/wp\/v2\/pages\/411\/revisions\/1805"}],"wp:featuredmedia":[{"embeddable":true,"href":"https:\/\/rseattitude.fr\/index.php\/wp-json\/wp\/v2\/media\/1810"}],"wp:attachment":[{"href":"https:\/\/rseattitude.fr\/index.php\/wp-json\/wp\/v2\/media?parent=411"}],"curies":[{"name":"wp","href":"https:\/\/api.w.org\/{rel}","templated":true}]}}