{"id":304,"date":"2018-09-19T16:03:35","date_gmt":"2018-09-19T14:03:35","guid":{"rendered":"http:\/\/rseattitude.fr\/?page_id=304"},"modified":"2024-02-08T17:57:42","modified_gmt":"2024-02-08T16:57:42","slug":"communication-societe-rse-conseil-rapport-rse-lyon-conseil-analyse-materialite","status":"publish","type":"page","link":"https:\/\/rseattitude.fr\/index.php\/cabinet-conseil-rse-pme-conseil-rse-lyon-conseil-developpement-durable-lyon-formation-rse-developpement-durable-iso-26000\/communication-societe-rse-conseil-rapport-rse-lyon-conseil-analyse-materialite\/","title":{"rendered":"Communication RSE"},"content":{"rendered":"\n<p class=\"communication-rse-d\u00e9veloppement durable\">Vous souhaitez valoriser vos actions d\u00e9veloppement durable aupr\u00e8s de vos clients et de l&rsquo;ensemble de vos parties prenantes ?<\/p>\n\n\n\n<p class=\"has-regular-font-size\">Nous pouvons vous accompagner \u00e0 <strong>concevoir des supports et outils de communication responsable<\/strong> adapt\u00e9s et efficaces :<\/p>\n\n\n\n<ul class=\"wp-block-list\"><li>R\u00e9diger et cr\u00e9er graphiquement votre <strong>rapport RSE<\/strong> afin de mettre en valeur le discours RSE de votre entreprise,<\/li><li>Organiser et animer un <strong>\u00e9v\u00e9nement RSE<\/strong> r\u00e9unissant vos parties prenantes,<\/li><li>Concevoir un <strong>site internet, une application smartphone ou un blog<\/strong> d\u00e9di\u00e9 \u00e0 la pr\u00e9sentation de votre d\u00e9marche RSE en misant sur l&rsquo;interactivit\u00e9 avec vos diff\u00e9rentes cibles,<\/li><li>Faire \u00e9voluer votre <strong>plaquette d&rsquo;entreprise<\/strong> afin d&rsquo;int\u00e9grer la RSE au c\u0153ur de son contenu,<\/li><li>Cr\u00e9er une <strong>animation en interne<\/strong> (challenge, quizz, conf\u00e9rence, etc.) pour faciliter l&rsquo;implication de vos \u00e9quipes dans la d\u00e9marche RSE de votre entreprise.<\/li><\/ul>\n\n\n\n<p class=\"communication RSE d\u00e9veloppement durable rapport\">Voici quelques exemples de prestations que nous d\u00e9livrons depuis plus de 13 ans \u00e0 nos clients aboutissant \u00e0 faire de la RSE un <strong>v\u00e9ritable axe de diff\u00e9renciation<\/strong> en externe ainsi qu&rsquo;un <strong>levier de motivation pour les salari\u00e9s<\/strong> en interne.<\/p>\n\n\n\n<p class=\"communication RSE d\u00e9veloppement durable rapport\">Notre cabinet conseil en RSE est \u00e0 votre enti\u00e8re disposition pour mettre \u00e0 votre service sa double comp\u00e9tence en communication responsable et d\u00e9veloppement durable. Notre objectif, c&rsquo;est vous aider \u00e0 mettre en valeur vos engagements RSE de fa\u00e7on cr\u00e9dible&nbsp;et responsable pour vos clients et partenaires, et ce gr\u00e2ce \u00e0 notre accompagnement expert \u00e0 2 niveaux : <\/p>\n\n\n\n<ul class=\"wp-block-list\"><li>La r\u00e9daction des contenus adapt\u00e9s aux r\u00e8gles de la communication responsable,<\/li><li>L&rsquo;utilisation de techniques de cr\u00e9ation graphique et d&rsquo;animation visuelle percutantes et convaincantes.<\/li><\/ul>\n\n\n<div class=\"wp-block-image\">\n<figure class=\"aligncenter size-large is-resized\"><img fetchpriority=\"high\" decoding=\"async\" src=\"https:\/\/rseattitude.fr\/wp-content\/uploads\/2024\/01\/FondBlanc-avec-reflets-petit-1024x540.png\" alt=\"\" class=\"wp-image-1523\" width=\"366\" height=\"193\" srcset=\"https:\/\/rseattitude.fr\/wp-content\/uploads\/2024\/01\/FondBlanc-avec-reflets-petit-1024x540.png 1024w, https:\/\/rseattitude.fr\/wp-content\/uploads\/2024\/01\/FondBlanc-avec-reflets-petit-300x158.png 300w, https:\/\/rseattitude.fr\/wp-content\/uploads\/2024\/01\/FondBlanc-avec-reflets-petit-768x405.png 768w, https:\/\/rseattitude.fr\/wp-content\/uploads\/2024\/01\/FondBlanc-avec-reflets-petit-1536x811.png 1536w, https:\/\/rseattitude.fr\/wp-content\/uploads\/2024\/01\/FondBlanc-avec-reflets-petit.png 1563w\" sizes=\"(max-width: 366px) 100vw, 366px\" \/><\/figure><\/div>","protected":false},"excerpt":{"rendered":"<p>Vous souhaitez valoriser vos actions d\u00e9veloppement durable aupr\u00e8s de vos clients et de l&rsquo;ensemble de vos parties prenantes ? Nous pouvons vous accompagner \u00e0 concevoir des supports et outils de communication responsable adapt\u00e9s et efficaces : R\u00e9diger et cr\u00e9er graphiquement votre rapport RSE afin de mettre en valeur le discours RSE de votre entreprise, Organiser &hellip; <\/p>\n<p class=\"link-more\"><a href=\"https:\/\/rseattitude.fr\/index.php\/cabinet-conseil-rse-pme-conseil-rse-lyon-conseil-developpement-durable-lyon-formation-rse-developpement-durable-iso-26000\/communication-societe-rse-conseil-rapport-rse-lyon-conseil-analyse-materialite\/\" class=\"more-link\">Continuer la lecture<span class=\"screen-reader-text\"> de &laquo;&nbsp;Communication RSE&nbsp;&raquo;<\/span><\/a><\/p>\n","protected":false},"author":1,"featured_media":312,"parent":11,"menu_order":0,"comment_status":"closed","ping_status":"closed","template":"","meta":{"footnotes":""},"class_list":["post-304","page","type-page","status-publish","has-post-thumbnail","hentry"],"_links":{"self":[{"href":"https:\/\/rseattitude.fr\/index.php\/wp-json\/wp\/v2\/pages\/304"}],"collection":[{"href":"https:\/\/rseattitude.fr\/index.php\/wp-json\/wp\/v2\/pages"}],"about":[{"href":"https:\/\/rseattitude.fr\/index.php\/wp-json\/wp\/v2\/types\/page"}],"author":[{"embeddable":true,"href":"https:\/\/rseattitude.fr\/index.php\/wp-json\/wp\/v2\/users\/1"}],"replies":[{"embeddable":true,"href":"https:\/\/rseattitude.fr\/index.php\/wp-json\/wp\/v2\/comments?post=304"}],"version-history":[{"count":9,"href":"https:\/\/rseattitude.fr\/index.php\/wp-json\/wp\/v2\/pages\/304\/revisions"}],"predecessor-version":[{"id":1622,"href":"https:\/\/rseattitude.fr\/index.php\/wp-json\/wp\/v2\/pages\/304\/revisions\/1622"}],"up":[{"embeddable":true,"href":"https:\/\/rseattitude.fr\/index.php\/wp-json\/wp\/v2\/pages\/11"}],"wp:featuredmedia":[{"embeddable":true,"href":"https:\/\/rseattitude.fr\/index.php\/wp-json\/wp\/v2\/media\/312"}],"wp:attachment":[{"href":"https:\/\/rseattitude.fr\/index.php\/wp-json\/wp\/v2\/media?parent=304"}],"curies":[{"name":"wp","href":"https:\/\/api.w.org\/{rel}","templated":true}]}}