{"id":267,"date":"2018-09-19T12:03:23","date_gmt":"2018-09-19T10:03:23","guid":{"rendered":"http:\/\/rseattitude.fr\/?page_id=267"},"modified":"2025-04-17T15:25:55","modified_gmt":"2025-04-17T13:25:55","slug":"nos-atouts-conseil-rse-lyon-cabinet-conseil-rse-lyon-formation-rse-lyon","status":"publish","type":"page","link":"https:\/\/rseattitude.fr\/index.php\/nos-atouts-conseil-rse-lyon-cabinet-conseil-rse-lyon-formation-rse-lyon\/","title":{"rendered":"Nos atouts"},"content":{"rendered":"\n<ul class=\"wp-block-list\"><li>Des<strong> comp\u00e9tences reconnues dans l\u2019accompagnement des TPE, PME et ETI <\/strong>pour d\u00e9ployer des d\u00e9marches RSE concr\u00e8tes et efficaces<\/li><\/ul>\n\n\n\n<ul class=\"wp-block-list\"><li>Une <strong>expertise des m\u00e9thodes de formation <\/strong>pour mobiliser efficacement les salari\u00e9s sur le sujet de la RSE<\/li><\/ul>\n\n\n\n<ul class=\"wp-block-list\"><li>Une <strong>exp\u00e9rience de nombreux secteurs d&rsquo;activit\u00e9s <\/strong>que ce soit dans l&rsquo;industrie ou les services<\/li><\/ul>\n\n\n\n<ul class=\"wp-block-list\"><li>Une <strong>implantation nationale gr\u00e2ce \u00e0 un r\u00e9seau de partenaires <\/strong>afin de r\u00e9pondre avec la plus grande r\u00e9activit\u00e9 aux demandes<\/li><\/ul>\n\n\n\n<ul class=\"wp-block-list\">\r\n \t<li>Une connaissance <strong>tr\u00e8s approfondie des mod\u00e8les d\u2019\u00e9valuation ISO 26000,<\/strong> notamment ENGAGE RSE de l\u2019AFNOR et le Label LUCIE<\/li>\r\n<\/ul>\r\nNotre soci\u00e9t\u00e9 de conseil et formation sp\u00e9cialis\u00e9e en RSE et tout particuli\u00e8rement d\u00e9di\u00e9e aux enjeux des TPE, des PME et des ETI (Etablissements de Taille Interm\u00e9diaire) est \u00e0 votre enti\u00e8re disposition pour vous accompagner dans votre d\u00e9marche de Responsabilit\u00e9 Soci\u00e9tale et D\u00e9veloppement Durable.\n\n\n<div class=\"wp-block-image\">\n<figure class=\"aligncenter size-large is-resized\"><img fetchpriority=\"high\" decoding=\"async\" src=\"https:\/\/rseattitude.fr\/wp-content\/uploads\/2024\/01\/FondBlanc-avec-reflets-petit-1024x540.png\" alt=\"\" class=\"wp-image-1523\" width=\"478\" height=\"252\" srcset=\"https:\/\/rseattitude.fr\/wp-content\/uploads\/2024\/01\/FondBlanc-avec-reflets-petit-1024x540.png 1024w, https:\/\/rseattitude.fr\/wp-content\/uploads\/2024\/01\/FondBlanc-avec-reflets-petit-300x158.png 300w, https:\/\/rseattitude.fr\/wp-content\/uploads\/2024\/01\/FondBlanc-avec-reflets-petit-768x405.png 768w, https:\/\/rseattitude.fr\/wp-content\/uploads\/2024\/01\/FondBlanc-avec-reflets-petit-1536x811.png 1536w, https:\/\/rseattitude.fr\/wp-content\/uploads\/2024\/01\/FondBlanc-avec-reflets-petit.png 1563w\" sizes=\"(max-width: 478px) 100vw, 478px\" \/><\/figure><\/div>","protected":false},"excerpt":{"rendered":"<p>Des comp\u00e9tences reconnues dans l\u2019accompagnement des TPE, PME et ETI pour d\u00e9ployer des d\u00e9marches RSE concr\u00e8tes et efficaces Une expertise des m\u00e9thodes de formation pour mobiliser efficacement les salari\u00e9s sur le sujet de la RSE Une exp\u00e9rience de nombreux secteurs d&rsquo;activit\u00e9s que ce soit dans l&rsquo;industrie ou les services Une implantation nationale gr\u00e2ce \u00e0 un &hellip; <\/p>\n<p class=\"link-more\"><a href=\"https:\/\/rseattitude.fr\/index.php\/nos-atouts-conseil-rse-lyon-cabinet-conseil-rse-lyon-formation-rse-lyon\/\" class=\"more-link\">Continuer la lecture<span class=\"screen-reader-text\"> de &laquo;&nbsp;Nos atouts&nbsp;&raquo;<\/span><\/a><\/p>\n","protected":false},"author":1,"featured_media":1817,"parent":0,"menu_order":0,"comment_status":"closed","ping_status":"closed","template":"","meta":{"footnotes":""},"class_list":["post-267","page","type-page","status-publish","has-post-thumbnail","hentry"],"_links":{"self":[{"href":"https:\/\/rseattitude.fr\/index.php\/wp-json\/wp\/v2\/pages\/267"}],"collection":[{"href":"https:\/\/rseattitude.fr\/index.php\/wp-json\/wp\/v2\/pages"}],"about":[{"href":"https:\/\/rseattitude.fr\/index.php\/wp-json\/wp\/v2\/types\/page"}],"author":[{"embeddable":true,"href":"https:\/\/rseattitude.fr\/index.php\/wp-json\/wp\/v2\/users\/1"}],"replies":[{"embeddable":true,"href":"https:\/\/rseattitude.fr\/index.php\/wp-json\/wp\/v2\/comments?post=267"}],"version-history":[{"count":6,"href":"https:\/\/rseattitude.fr\/index.php\/wp-json\/wp\/v2\/pages\/267\/revisions"}],"predecessor-version":[{"id":1558,"href":"https:\/\/rseattitude.fr\/index.php\/wp-json\/wp\/v2\/pages\/267\/revisions\/1558"}],"wp:featuredmedia":[{"embeddable":true,"href":"https:\/\/rseattitude.fr\/index.php\/wp-json\/wp\/v2\/media\/1817"}],"wp:attachment":[{"href":"https:\/\/rseattitude.fr\/index.php\/wp-json\/wp\/v2\/media?parent=267"}],"curies":[{"name":"wp","href":"https:\/\/api.w.org\/{rel}","templated":true}]}}