{"id":260,"date":"2018-09-19T11:54:36","date_gmt":"2018-09-19T09:54:36","guid":{"rendered":"http:\/\/rseattitude.fr\/?page_id=260"},"modified":"2024-01-09T10:50:22","modified_gmt":"2024-01-09T09:50:22","slug":"references-rse-lyon-rse-loire-rse-saint-etienne-cabinet-conseil-rse-rhone","status":"publish","type":"page","link":"https:\/\/rseattitude.fr\/index.php\/references-rse-lyon-rse-loire-rse-saint-etienne-cabinet-conseil-rse-rhone\/","title":{"rendered":"R\u00e9f\u00e9rences Clients"},"content":{"rendered":"\n<p>Nous sommes sp\u00e9cialis\u00e9s dans le conseil et la formation RSE aupr\u00e8s des <strong>PME, TPE et ETI <\/strong>(Etablissements de Taille Interm\u00e9diaire).\n\nNotre m\u00e9thodologie <strong>simple et facilement applicable<\/strong> est tr\u00e8s adapt\u00e9e aux petites et moyennes entreprises.<\/p>\n\n\n\n<p>Nous intervenons partout en France avec un fort ancrage dans les r\u00e9gions des villes suivantes pour nos missions de formation et conseil RSE : Lyon, Clermont-Ferrand, St Etienne, Paris, Toulouse et Bordeaux. Notre expertise\u00a0 nous am\u00e8ne \u00e0 \u0153uvrer dans tous secteurs d&rsquo;activit\u00e9, que ce soit dans l&rsquo;industrie, le BTP, les services ou encore le secteur de l&rsquo;\u00e9conomie sociale et solidaire par exemple.<\/p>\n\n\n\n<figure class=\"wp-block-image size-large\"><img fetchpriority=\"high\" decoding=\"async\" width=\"1024\" height=\"576\" src=\"https:\/\/rseattitude.fr\/wp-content\/uploads\/2024\/01\/References-clients-090124-1024x576.jpg\" alt=\"\" class=\"wp-image-1591\" srcset=\"https:\/\/rseattitude.fr\/wp-content\/uploads\/2024\/01\/References-clients-090124-1024x576.jpg 1024w, https:\/\/rseattitude.fr\/wp-content\/uploads\/2024\/01\/References-clients-090124-300x169.jpg 300w, https:\/\/rseattitude.fr\/wp-content\/uploads\/2024\/01\/References-clients-090124-768x432.jpg 768w, https:\/\/rseattitude.fr\/wp-content\/uploads\/2024\/01\/References-clients-090124-1536x864.jpg 1536w, https:\/\/rseattitude.fr\/wp-content\/uploads\/2024\/01\/References-clients-090124.jpg 1920w\" sizes=\"(max-width: 767px) 89vw, (max-width: 1000px) 54vw, (max-width: 1071px) 543px, 580px\" \/><\/figure>\n\n\n\n<p>Et d\u00e9couvrez enfin dans notre <a href=\"https:\/\/rseattitude.fr\/index.php\/blog\/page\/3\/\" data-type=\"URL\" data-id=\"https:\/\/rseattitude.fr\/index.php\/blog\/page\/3\/\">rubrique Actualit\u00e9s<\/a>, plusieurs t\u00e9moignages clients qui ont accept\u00e9 de partager leurs exp\u00e9riences RSE, pour inspirer le changement vers un monde durablement meilleur&#8230;<\/p>\n","protected":false},"excerpt":{"rendered":"<p>Nous sommes sp\u00e9cialis\u00e9s dans le conseil et la formation RSE aupr\u00e8s des PME, TPE et ETI (Etablissements de Taille Interm\u00e9diaire). Notre m\u00e9thodologie simple et facilement applicable est tr\u00e8s adapt\u00e9e aux petites et moyennes entreprises. Nous intervenons partout en France avec un fort ancrage dans les r\u00e9gions des villes suivantes pour nos missions de formation et &hellip; <\/p>\n<p class=\"link-more\"><a href=\"https:\/\/rseattitude.fr\/index.php\/references-rse-lyon-rse-loire-rse-saint-etienne-cabinet-conseil-rse-rhone\/\" class=\"more-link\">Continuer la lecture<span class=\"screen-reader-text\"> de &laquo;&nbsp;R\u00e9f\u00e9rences Clients&nbsp;&raquo;<\/span><\/a><\/p>\n","protected":false},"author":1,"featured_media":280,"parent":0,"menu_order":0,"comment_status":"closed","ping_status":"closed","template":"","meta":{"footnotes":""},"class_list":["post-260","page","type-page","status-publish","has-post-thumbnail","hentry"],"_links":{"self":[{"href":"https:\/\/rseattitude.fr\/index.php\/wp-json\/wp\/v2\/pages\/260"}],"collection":[{"href":"https:\/\/rseattitude.fr\/index.php\/wp-json\/wp\/v2\/pages"}],"about":[{"href":"https:\/\/rseattitude.fr\/index.php\/wp-json\/wp\/v2\/types\/page"}],"author":[{"embeddable":true,"href":"https:\/\/rseattitude.fr\/index.php\/wp-json\/wp\/v2\/users\/1"}],"replies":[{"embeddable":true,"href":"https:\/\/rseattitude.fr\/index.php\/wp-json\/wp\/v2\/comments?post=260"}],"version-history":[{"count":19,"href":"https:\/\/rseattitude.fr\/index.php\/wp-json\/wp\/v2\/pages\/260\/revisions"}],"predecessor-version":[{"id":1592,"href":"https:\/\/rseattitude.fr\/index.php\/wp-json\/wp\/v2\/pages\/260\/revisions\/1592"}],"wp:featuredmedia":[{"embeddable":true,"href":"https:\/\/rseattitude.fr\/index.php\/wp-json\/wp\/v2\/media\/280"}],"wp:attachment":[{"href":"https:\/\/rseattitude.fr\/index.php\/wp-json\/wp\/v2\/media?parent=260"}],"curies":[{"name":"wp","href":"https:\/\/api.w.org\/{rel}","templated":true}]}}