{"id":192,"date":"2018-09-18T09:49:47","date_gmt":"2018-09-18T07:49:47","guid":{"rendered":"http:\/\/rseattitude.fr\/?page_id=192"},"modified":"2026-03-25T10:46:17","modified_gmt":"2026-03-25T09:46:17","slug":"formation-rse-conseil-iso26000-conseil-developpement-durable-formation-developpement-durable","status":"publish","type":"page","link":"https:\/\/rseattitude.fr\/index.php\/formation-rse-conseil-iso26000-conseil-developpement-durable-formation-developpement-durable\/","title":{"rendered":"Formation RSE"},"content":{"rendered":"\n<p>Organisme de formation certifi\u00e9 QUALIOPI, nous proposons des <strong>formations-actions RSE tr\u00e8s concr\u00e8tes<\/strong> compos\u00e9es \u00e0 la fois d&rsquo;un socle commun et d&rsquo;une partie adapt\u00e9e sur-mesure \u00e0 vos attentes.<\/p>\n\n\n\n<p><strong>Modalit\u00e9 et d\u00e9lai d\u2019acc\u00e8s<\/strong> :<\/p>\n\n\n\n<p>Nos formations sont accessibles sur simple demande par e-mail \u00e0&nbsp;<a href=\"mailto:scoquard@rseattitude.fr\">scoquard@rseattitude.fr<\/a><br>Chaque demande fait l\u2019objet d\u2019un&nbsp;<strong>\u00e9change personnalis\u00e9<\/strong>&nbsp;afin de d\u00e9finir les objectifs, les dates et les modalit\u00e9s d\u2019intervention les plus adapt\u00e9es \u00e0 votre environnement.<br>Le&nbsp;<strong>d\u00e9lai moyen d\u2019acc\u00e8s<\/strong>&nbsp;\u00e0 une formation est de&nbsp;<strong>3 \u00e0 6 semaines<\/strong>&nbsp;apr\u00e8s validation du devis et signature de la convention.<br>Ce d\u00e9lai peut varier selon :<br>la&nbsp;<strong>disponibilit\u00e9 du formateur et des participants<\/strong>,<br>la&nbsp;<strong>nature de la formation<\/strong>,<br>les&nbsp;<strong>contraintes logistiques du client<\/strong>&nbsp;(intervention sur site).<\/p>\n\n\n\n<p>Nos formations op\u00e9rationnelles sont structur\u00e9es en 3 phases :<\/p>\n\n\n\n<figure class=\"wp-block-image\"><img fetchpriority=\"high\" decoding=\"async\" width=\"644\" height=\"117\" src=\"https:\/\/rseattitude.fr\/wp-content\/uploads\/2018\/09\/image-1.png\" alt=\"\" class=\"wp-image-194\" srcset=\"https:\/\/rseattitude.fr\/wp-content\/uploads\/2018\/09\/image-1.png 644w, https:\/\/rseattitude.fr\/wp-content\/uploads\/2018\/09\/image-1-300x55.png 300w\" sizes=\"(max-width: 644px) 100vw, 644px\" \/><\/figure>\n\n\n\n<p>Trois types de formations-actions sont propos\u00e9es aux entreprises :<\/p>\n\n\n\n<ul class=\"wp-block-list\">\n<li>Des <strong>sensibilisations au format court<\/strong> pour donner les cl\u00e9s de compr\u00e9hension sur la RSE aupr\u00e8s des salari\u00e9s et ainsi favoriser leur engagement dans la d\u00e9marche. Le but est de donner les rep\u00e8res essentiels sur ce qu&rsquo;est la Responsabilit\u00e9 Soci\u00e9tale en entreprise et comment agir concr\u00e8tement dans son m\u00e9tier au quotidien. Il s&rsquo;agit ici de cr\u00e9er une prise de conscience des enjeux du d\u00e9veloppement durable, des d\u00e9clics, donner du sens et une culture commune. Dans cette logique, nous avons con\u00e7u une <strong>web-s\u00e9rie de sensibilisation \u00e0 la RSE : \u00ab\u00a0La RSE en pratique, adoptons la RSE Attitude !\u00a0\u00bb.<\/strong> L&rsquo;id\u00e9e est toute simple : proposer aux salari\u00e9s une sensibilisation \u00e0 distance pour d\u00e9couvrir le monde merveilleux de la RSE en 4 \u00e9pisodes de 20 minutes chacun + 1 \u00e9pisode personnalisable \u00e0 chaque entreprise pour pr\u00e9senter les actions sp\u00e9cifiquement mises en \u0153uvre dans votre PME.<ul><li>EP 1 : \u00ab\u00a0Les fondamentaux de la RSE\u00a0\u00bb<\/li><\/ul>\n<ul class=\"wp-block-list\">\n<li>EP 2 : \u00ab\u00a0Agir responsable sur le pilier \u00e9conomique\u00a0\u00bb<\/li>\n\n\n\n<li>EP 3 : \u00ab\u00a0Agir responsable sur le pilier social\u00a0\u00bb<\/li>\n\n\n\n<li>EP 4 : \u00ab\u00a0Agir responsable sur le pilier environnemental\u00a0\u00bb<\/li>\n\n\n\n<li>EP 5 : \u00ab\u00a0La RSE dans mon entreprise\u00a0\u00bb<\/li>\n<\/ul>\n<\/li>\n<\/ul>\n\n\n\n<ul class=\"wp-block-list\">\n<li>Des <strong>formations approfondies \u00e0 la RSE<\/strong> pour int\u00e9grer les principes cl\u00e9s et pouvoir engager et structurer une d\u00e9marche RSE efficace dans son organisation :\n<ol class=\"wp-block-list\">\n<li><a href=\"https:\/\/rseattitude.fr\/wp-content\/uploads\/2026\/02\/Programme-Formation-METTRE-EN-OEUVRE-LA-RSE-RSE-ATTITUDE-V1.pdf\">Mettre en \u0153uvre une d\u00e9marche RSE efficace en entreprise<\/a><\/li>\n\n\n\n<li><a href=\"https:\/\/rseattitude.fr\/wp-content\/uploads\/2026\/02\/Programme-Formation-PERFORMANCE-GLOBALE-RSE-ATTITUDE-V1.pdf\">Pilotage de la performance globale<\/a><\/li>\n\n\n\n<li><a href=\"https:\/\/rseattitude.fr\/wp-content\/uploads\/2026\/02\/Programme-Formation-CONDUITE-DU-CHANGEMENT-RSE-ATTITUDE-V1.pdf\">Conduite du changement en RSE<\/a><\/li>\n\n\n\n<li><a href=\"https:\/\/rseattitude.fr\/wp-content\/uploads\/2026\/02\/Programme-Formation-COMMUNICATION-RESPONSABLE-RSE-ATTITUDE-V1.pdf\">Communication responsable<\/a><\/li>\n<\/ol>\n<\/li>\n<\/ul>\n\n\n\n<ul class=\"wp-block-list\">\n<li>Des <strong>formations RSE sp\u00e9cialis\u00e9es<\/strong> sur les diff\u00e9rentes th\u00e9matiques de la RSE pour approfondir certains sujets li\u00e9s aux 3 piliers du d\u00e9veloppement durable : \u00e9conomique, social et environnemental. Cela permet de cibler les formations par type de fonction concern\u00e9e dans son entreprise.<\/li>\n<\/ul>\n\n\n\n<p><strong>Objectifs et modalit\u00e9s d&rsquo;\u00e9valuation d&rsquo;atteinte de la formation :<\/strong><\/p>\n\n\n\n<p>Les objectifs et les comp\u00e9tences vis\u00e9es lors de la formation sont de permettre aux participants de ma\u00eetriser la mise en \u0153uvre op\u00e9rationnelle d&rsquo;une d\u00e9marche RSE en entreprise.<br>Pour cela, les modalit\u00e9s d&rsquo;\u00e9valuation seront :&nbsp;<br>&#8211; \u00c9valuation individuelle du profil, des attentes et des besoins du participant avant le d\u00e9marrage de la formation<br>&#8211; \u00c9valuation des comp\u00e9tences en fin de formation<br>&#8211; Questionnaire d\u2019\u00e9valuation de la satisfaction en fin de formation<\/p>\n\n\n\n<p><strong>Moyens p\u00e9dagogiques et techniques d&rsquo;encadrement des formations :<\/strong><\/p>\n\n\n\n<p>Les dispositifs p\u00e9dagogiques utilis\u00e9s dans nos formations sont d\u00e9crits dans les programmes de formation d\u00e9taill\u00e9s que vous pouvez d\u00e9couvrir en cliquant sur les titres de formations ci-dessous :<\/p>\n\n\n\n<ol class=\"wp-block-list\">\n<li><a href=\"https:\/\/rseattitude.fr\/wp-content\/uploads\/2026\/02\/Programme-Formation-METTRE-EN-OEUVRE-LA-RSE-RSE-ATTITUDE-V1.pdf\">Mettre en \u0153uvre une d\u00e9marche RSE efficace en entreprise<\/a><\/li>\n\n\n\n<li><a href=\"https:\/\/rseattitude.fr\/wp-content\/uploads\/2026\/02\/Programme-Formation-PERFORMANCE-GLOBALE-RSE-ATTITUDE-V1.pdf\">Pilotage de la performance globale<\/a><\/li>\n\n\n\n<li><a href=\"https:\/\/rseattitude.fr\/wp-content\/uploads\/2026\/02\/Programme-Formation-CONDUITE-DU-CHANGEMENT-RSE-ATTITUDE-V1.pdf\">Conduite du changement en RSE<\/a><\/li>\n\n\n\n<li><a href=\"https:\/\/rseattitude.fr\/wp-content\/uploads\/2026\/02\/Programme-Formation-COMMUNICATION-RESPONSABLE-RSE-ATTITUDE-V1.pdf\">Communication responsable<\/a><\/li>\n<\/ol>\n\n\n\n<p><strong>Moyens permettant le suivi et l&rsquo;appr\u00e9ciation des r\u00e9sultats <\/strong>:<\/p>\n\n\n\n<p>&#8211; Feuilles de pr\u00e9sences sign\u00e9es des participants et du formateur par demi-journ\u00e9e.<br>&#8211; Attestation de fin de formation.<\/p>\n\n\n\n<p><strong><u>R\u00e9f\u00e9rent p\u00e9dagogique et formateur :&nbsp;<\/u><\/strong>Chaque formation est sous la responsabilit\u00e9 du directeur p\u00e9dagogique de l&rsquo;organisme de formation ; le bon d\u00e9roulement est assur\u00e9 par le formateur d\u00e9sign\u00e9 par l&rsquo;organisme de formation.&nbsp;<\/p>\n\n\n\n<p><strong>Handicap :<\/strong> Nos formations sont accessibles \u00e0 toutes personnes en situation de handicap.<\/p>\n\n\n\n<p><strong><u>Tarification des formations :<\/u>&nbsp;<\/strong>Le tarif de nos formations est \u00e9tabli en fonction de plusieurs crit\u00e8res (la dur\u00e9e, le nombre de participants, le cas \u00e9ch\u00e9ant et les modalit\u00e9s sp\u00e9cifiques).<br>Afin de vous proposer un devis adapt\u00e9 \u00e0 vos besoins, nous vous invitons \u00e0 nous contacter pour un \u00e9tude personnalis\u00e9e.&nbsp;<\/p>\n\n\n\n<p>Un devis d\u00e9taill\u00e9 pr\u00e9cisant le programme, les objectifs, la dur\u00e9e, les modalit\u00e9s et le tarif vous sera syst\u00e9matiquement transmis avant toute inscription<\/p>\n\n\n\n<p><strong>Satisfaction clients :<\/strong><\/p>\n\n\n\n<p>La qualit\u00e9 de notre formation est notre priorit\u00e9, nous nous pr\u00e9occupons d&rsquo;un bon partage de connaissance et de l&rsquo;apprentissage de vos \u00e9quipes. Des indicateurs de satisfaction sont en cours de mise en place et seront diffus\u00e9s au cours de l&rsquo;ann\u00e9e 2026.<\/p>\n\n\n<div class=\"wp-block-image\">\n<figure class=\"aligncenter size-large is-resized\"><img decoding=\"async\" width=\"1024\" height=\"531\" src=\"https:\/\/rseattitude.fr\/wp-content\/uploads\/2026\/03\/Logo_Qualiopi_Actions-de-formation-1024x531.jpeg\" alt=\"\" class=\"wp-image-2044\" style=\"width:374px;height:auto\" srcset=\"https:\/\/rseattitude.fr\/wp-content\/uploads\/2026\/03\/Logo_Qualiopi_Actions-de-formation-1024x531.jpeg 1024w, https:\/\/rseattitude.fr\/wp-content\/uploads\/2026\/03\/Logo_Qualiopi_Actions-de-formation-300x155.jpeg 300w, https:\/\/rseattitude.fr\/wp-content\/uploads\/2026\/03\/Logo_Qualiopi_Actions-de-formation-768x398.jpeg 768w, https:\/\/rseattitude.fr\/wp-content\/uploads\/2026\/03\/Logo_Qualiopi_Actions-de-formation.jpeg 1121w\" sizes=\"(max-width: 767px) 89vw, (max-width: 1000px) 54vw, (max-width: 1071px) 543px, 580px\" \/><\/figure><\/div>","protected":false},"excerpt":{"rendered":"<p>Organisme de formation certifi\u00e9 QUALIOPI, nous proposons des formations-actions RSE tr\u00e8s concr\u00e8tes compos\u00e9es \u00e0 la fois d&rsquo;un socle commun et d&rsquo;une partie adapt\u00e9e sur-mesure \u00e0 vos attentes. Modalit\u00e9 et d\u00e9lai d\u2019acc\u00e8s : Nos formations sont accessibles sur simple demande par e-mail \u00e0&nbsp;scoquard@rseattitude.frChaque demande fait l\u2019objet d\u2019un&nbsp;\u00e9change personnalis\u00e9&nbsp;afin de d\u00e9finir les objectifs, les dates et les &hellip; <\/p>\n<p class=\"link-more\"><a href=\"https:\/\/rseattitude.fr\/index.php\/formation-rse-conseil-iso26000-conseil-developpement-durable-formation-developpement-durable\/\" class=\"more-link\">Continuer la lecture<span class=\"screen-reader-text\"> de &laquo;&nbsp;Formation RSE&nbsp;&raquo;<\/span><\/a><\/p>\n","protected":false},"author":1,"featured_media":249,"parent":0,"menu_order":0,"comment_status":"closed","ping_status":"closed","template":"","meta":{"footnotes":""},"class_list":["post-192","page","type-page","status-publish","has-post-thumbnail","hentry"],"_links":{"self":[{"href":"https:\/\/rseattitude.fr\/index.php\/wp-json\/wp\/v2\/pages\/192"}],"collection":[{"href":"https:\/\/rseattitude.fr\/index.php\/wp-json\/wp\/v2\/pages"}],"about":[{"href":"https:\/\/rseattitude.fr\/index.php\/wp-json\/wp\/v2\/types\/page"}],"author":[{"embeddable":true,"href":"https:\/\/rseattitude.fr\/index.php\/wp-json\/wp\/v2\/users\/1"}],"replies":[{"embeddable":true,"href":"https:\/\/rseattitude.fr\/index.php\/wp-json\/wp\/v2\/comments?post=192"}],"version-history":[{"count":46,"href":"https:\/\/rseattitude.fr\/index.php\/wp-json\/wp\/v2\/pages\/192\/revisions"}],"predecessor-version":[{"id":2046,"href":"https:\/\/rseattitude.fr\/index.php\/wp-json\/wp\/v2\/pages\/192\/revisions\/2046"}],"wp:featuredmedia":[{"embeddable":true,"href":"https:\/\/rseattitude.fr\/index.php\/wp-json\/wp\/v2\/media\/249"}],"wp:attachment":[{"href":"https:\/\/rseattitude.fr\/index.php\/wp-json\/wp\/v2\/media?parent=192"}],"curies":[{"name":"wp","href":"https:\/\/api.w.org\/{rel}","templated":true}]}}