{"id":1221,"date":"2023-01-17T10:11:17","date_gmt":"2023-01-17T09:11:17","guid":{"rendered":"https:\/\/rseattitude.fr\/?page_id=1221"},"modified":"2024-01-08T09:56:21","modified_gmt":"2024-01-08T08:56:21","slug":"conduite-du-changement-en-rse-fresque-du-climat","status":"publish","type":"page","link":"https:\/\/rseattitude.fr\/index.php\/conduite-du-changement-en-rse-fresque-du-climat\/","title":{"rendered":"Conduite du changement en RSE &#8211; Animation de Fresques"},"content":{"rendered":"\n<p>Engager les salari\u00e9s dans une d\u00e9marche RSE, c&rsquo;est d&rsquo;abord prendre en consid\u00e9ration la question de la <strong>conduite du changement<\/strong>. En effet, on constate que 70 % des changements organisationnels n\u2019atteignent pas leurs objectifs : la grande majorit\u00e9 des \u00e9checs ne d\u00e9coulent pas de causes \u00ab techniques \u00bb (budget insuffisant, manque de planification, d\u00e9ploiement des moyens inad\u00e9quats&#8230;), mais de l\u2019absence d\u2019une prise en compte suffisamment adapt\u00e9e du facteur humain. Nous n\u00e9gligeons en effet trop souvent les impacts du changement sur les collaborateurs et leurs besoins d&rsquo;accompagnement en situation de changement. <\/p>\n\n\n\n<p>Et la Responsabilit\u00e9 Soci\u00e9tale, c&rsquo;est du changement \u00e0 l&rsquo;\u00e9tat pur !<\/p>\n\n\n\n<p>La mise en \u0153uvre d&rsquo;une strat\u00e9gie RSE ne s&rsquo;improvise pas&#8230;Elle n\u00e9cessite <strong>pragmatisme et anticipation<\/strong>, le tout dans une <strong>approche collaborative <\/strong>. En effet, la r\u00e9ussite d&rsquo;une d\u00e9marche RSE en entreprise implique l&rsquo;engagement des salari\u00e9s, \u00e0 tous les niveaux.<\/p>\n\n\n\n<p>RSE ATTITUDE vous propose toute une palette d&rsquo;outils de sensibilisation \u00e0 la RSE qui facilitera le d\u00e9ploiement du projet RSE aupr\u00e8s de vos salari\u00e9s mais \u00e9galement qui permettra un v\u00e9ritable ancrage du changement dans la dur\u00e9e. En voici quelques illustrations :<\/p>\n\n\n\n<ul class=\"wp-block-list\"><li>Animation de jeux aupr\u00e8s des salari\u00e9s en petits groupes tels que la <strong>fresque du climat<\/strong> ou encore la<strong> fresque de l&rsquo;\u00e9conomie circulaire<\/strong> afin de sensibiliser aux implications du r\u00e9chauffement climatique ou sur la question des ressources limit\u00e9es et ainsi donner les cl\u00e9s pour agir concr\u00e8tement \u00e0 son niveau en tant que salari\u00e9 et citoyen,<\/li><li><strong>Organisation d\u2019\u00e9v\u00e9nements <\/strong>aupr\u00e8s des collaborateurs en lien avec des sujets RSE (conf\u00e9rences, conventions, projections de films, expositions, th\u00e9\u00e2tre forum sur les th\u00e8mes de l&rsquo;\u00e9galit\u00e9 professionnelle par exemple, la promotion de la diversit\u00e9 ou encore la pr\u00e9servation de la biodiversit\u00e9\u2026),<\/li><li>Int\u00e9gration des th\u00e9matiques RSE dans les <strong>outils de communication interne <\/strong>(partager des bonnes pratiques dans un journal interne, informer sur l\u2019intranet, utiliser l\u2019affichage interne, organiser des challenges internes sur l&rsquo;\u00e9coconduite par exemple, etc.),<\/li><li><strong><a rel=\"noreferrer noopener\" href=\"https:\/\/rseattitude.fr\/index.php\/une-web-serie-sur-la-rse\/\" target=\"_blank\">Sensibilisation \u00e0 la RSE<\/a> <\/strong>en format court sous forme d&rsquo;une webs\u00e9rie de d\u00e9couverte de la RSE : \u00ab\u00a0La RSE en pratique, adoptons la RSE Attitude !\u00a0\u00bb (4 \u00e9pisodes de 15 minutes chacun)<\/li><li>Animation de<strong><a rel=\"noreferrer noopener\" href=\"https:\/\/rseattitude.fr\/index.php\/formations-specialisees-a-la-rse\/\" target=\"_blank\"> formations \u00ab\u00a0expertises\u00a0\u00bb<\/a><\/strong> pour monter en comp\u00e9tences sur certains domaines de la RSE (achats responsables, \u00e9galit\u00e9\/diversit\u00e9, qualit\u00e9 de vie au travail, \u00e9conomie circulaire, \u00e9thique dans les affaires, etc.)<\/li><\/ul>\n\n\n\n<p>Vous souhaitez en savoir plus sur nos interventions aupr\u00e8s des PME afin de faciliter le changement pour la RSE, <a rel=\"noreferrer noopener\" href=\"https:\/\/rseattitude.fr\/index.php\/contact-conseil-rse-formation-rse-formation-developpement-durable\/\" target=\"_blank\">contactez-nous !<\/a> Nous aurons plaisir \u00e0 vous proposer des solutions parfaitement adapt\u00e9es \u00e0 vos besoins. <\/p>\n","protected":false},"excerpt":{"rendered":"<p>Engager les salari\u00e9s dans une d\u00e9marche RSE, c&rsquo;est d&rsquo;abord prendre en consid\u00e9ration la question de la conduite du changement. En effet, on constate que 70 % des changements organisationnels n\u2019atteignent pas leurs objectifs : la grande majorit\u00e9 des \u00e9checs ne d\u00e9coulent pas de causes \u00ab techniques \u00bb (budget insuffisant, manque de planification, d\u00e9ploiement des moyens &hellip; <\/p>\n<p class=\"link-more\"><a href=\"https:\/\/rseattitude.fr\/index.php\/conduite-du-changement-en-rse-fresque-du-climat\/\" class=\"more-link\">Continuer la lecture<span class=\"screen-reader-text\"> de &laquo;&nbsp;Conduite du changement en RSE &#8211; Animation de Fresques&nbsp;&raquo;<\/span><\/a><\/p>\n","protected":false},"author":1,"featured_media":1225,"parent":0,"menu_order":0,"comment_status":"closed","ping_status":"closed","template":"","meta":{"footnotes":""},"class_list":["post-1221","page","type-page","status-publish","has-post-thumbnail","hentry"],"_links":{"self":[{"href":"https:\/\/rseattitude.fr\/index.php\/wp-json\/wp\/v2\/pages\/1221"}],"collection":[{"href":"https:\/\/rseattitude.fr\/index.php\/wp-json\/wp\/v2\/pages"}],"about":[{"href":"https:\/\/rseattitude.fr\/index.php\/wp-json\/wp\/v2\/types\/page"}],"author":[{"embeddable":true,"href":"https:\/\/rseattitude.fr\/index.php\/wp-json\/wp\/v2\/users\/1"}],"replies":[{"embeddable":true,"href":"https:\/\/rseattitude.fr\/index.php\/wp-json\/wp\/v2\/comments?post=1221"}],"version-history":[{"count":5,"href":"https:\/\/rseattitude.fr\/index.php\/wp-json\/wp\/v2\/pages\/1221\/revisions"}],"predecessor-version":[{"id":1525,"href":"https:\/\/rseattitude.fr\/index.php\/wp-json\/wp\/v2\/pages\/1221\/revisions\/1525"}],"wp:featuredmedia":[{"embeddable":true,"href":"https:\/\/rseattitude.fr\/index.php\/wp-json\/wp\/v2\/media\/1225"}],"wp:attachment":[{"href":"https:\/\/rseattitude.fr\/index.php\/wp-json\/wp\/v2\/media?parent=1221"}],"curies":[{"name":"wp","href":"https:\/\/api.w.org\/{rel}","templated":true}]}}