{"id":11,"date":"2018-09-14T14:37:52","date_gmt":"2018-09-14T12:37:52","guid":{"rendered":"http:\/\/rseattitude.fr\/?page_id=11"},"modified":"2025-04-17T09:33:01","modified_gmt":"2025-04-17T07:33:01","slug":"cabinet-conseil-rse-pme-conseil-rse-lyon-conseil-developpement-durable-lyon-formation-rse-developpement-durable-iso-26000","status":"publish","type":"page","link":"https:\/\/rseattitude.fr\/index.php\/cabinet-conseil-rse-pme-conseil-rse-lyon-conseil-developpement-durable-lyon-formation-rse-developpement-durable-iso-26000\/","title":{"rendered":"Accompagnement RSE des PME"},"content":{"rendered":"<p>Cabinet conseil et formation expert en RSE, nous accompagnons depuis 2010 les PME \u00e0 int\u00e9grer la Responsabilit\u00e9 Soci\u00e9tale des Entreprises (RSE) au c\u0153ur de leur activit\u00e9 de mani\u00e8re <strong>simple, concr\u00e8te et efficace. <\/strong>Pour cela, 4 offres vous sont propos\u00e9es :<\/p>\n<p><strong>\u2666 Conseil RSE<\/strong> : <a href=\"https:\/\/rseattitude.fr\/index.php\/conseil-rse-reporting-rse-rapport-rse-parties-prenantes-strategie-rse\/diagnostic-rse\/\">diagnostic RSE selon l&rsquo;ISO 26000<\/a>, accompagnement \u00e0 la structuration de votre strat\u00e9gie RSE, analyse de mat\u00e9rialit\u00e9 de vos enjeux RSE, pr\u00e9paration notation ECOVADIS, organisation du dialogue parties prenantes, pilotage de la performance globale, conformit\u00e9 directive CSRD, d\u00e9marche achats responsables, r\u00e9alisation de votre bilan carbone, etc.<\/p>\n<p><strong>\u2666 Formation RSE<\/strong> : <a href=\"https:\/\/rseattitude.fr\/index.php\/formation-rse-conseil-iso26000-conseil-developpement-durable-formation-developpement-durable\/\">un catalogue de formation complet<\/a> est mis au service des PME, de la formation g\u00e9n\u00e9rale \u00e0 la RSE pour initier une d\u00e9marche, \u00e0 des formations sp\u00e9cialis\u00e9es au choix sur les th\u00e9matiques sociales, \u00e9conomiques ou environnementales,<\/p>\n<p><strong>\u2666 Communication RSE<\/strong> : <a href=\"https:\/\/rseattitude.fr\/index.php\/conseil-rse-reporting-rse-rapport-rse-parties-prenantes-strategie-rse\/rapport-et-reporting-rse\/\">concevoir un rapport RSE<\/a>, dialoguer avec vos parties prenantes externes, conduite du changement et animation de votre projet RSE aupr\u00e8s de vos salari\u00e9s en interne, etc. Autant d&rsquo;expertises mises au service des entreprises,<\/p>\n<p><strong>\u2666 Labellisation RSE<\/strong> : <a href=\"https:\/\/rseattitude.fr\/index.php\/label-rse-cabinet-conseil-rse-iso-26000\/\">vous accompagner \u00e0 pr\u00e9parer l&rsquo;obtention d&rsquo;un label RSE<\/a> afin de faire reconna\u00eetre votre engagement dans le d\u00e9veloppement durable et la Responsabilit\u00e9 Soci\u00e9tale (Label AFNOR Engag\u00e9 RSE, Label Lucie, Label B-Corp, Ecocert 26000, Label \u00c9galit\u00e9\/Diversit\u00e9, labels sectoriels, etc.).<\/p>\n","protected":false},"excerpt":{"rendered":"<p>Cabinet conseil et formation expert en RSE, nous accompagnons depuis 2010 les PME \u00e0 int\u00e9grer la Responsabilit\u00e9 Soci\u00e9tale des Entreprises (RSE) au c\u0153ur de leur activit\u00e9 de mani\u00e8re simple, concr\u00e8te et efficace. Pour cela, 4 offres vous sont propos\u00e9es : \u2666 Conseil RSE : diagnostic RSE selon l&rsquo;ISO 26000, accompagnement \u00e0 la structuration de votre &hellip; <\/p>\n<p class=\"link-more\"><a href=\"https:\/\/rseattitude.fr\/index.php\/cabinet-conseil-rse-pme-conseil-rse-lyon-conseil-developpement-durable-lyon-formation-rse-developpement-durable-iso-26000\/\" class=\"more-link\">Continuer la lecture<span class=\"screen-reader-text\"> de &laquo;&nbsp;Accompagnement RSE des PME&nbsp;&raquo;<\/span><\/a><\/p>\n","protected":false},"author":1,"featured_media":107,"parent":0,"menu_order":0,"comment_status":"closed","ping_status":"closed","template":"","meta":{"footnotes":""},"class_list":["post-11","page","type-page","status-publish","has-post-thumbnail","hentry"],"_links":{"self":[{"href":"https:\/\/rseattitude.fr\/index.php\/wp-json\/wp\/v2\/pages\/11"}],"collection":[{"href":"https:\/\/rseattitude.fr\/index.php\/wp-json\/wp\/v2\/pages"}],"about":[{"href":"https:\/\/rseattitude.fr\/index.php\/wp-json\/wp\/v2\/types\/page"}],"author":[{"embeddable":true,"href":"https:\/\/rseattitude.fr\/index.php\/wp-json\/wp\/v2\/users\/1"}],"replies":[{"embeddable":true,"href":"https:\/\/rseattitude.fr\/index.php\/wp-json\/wp\/v2\/comments?post=11"}],"version-history":[{"count":35,"href":"https:\/\/rseattitude.fr\/index.php\/wp-json\/wp\/v2\/pages\/11\/revisions"}],"predecessor-version":[{"id":1793,"href":"https:\/\/rseattitude.fr\/index.php\/wp-json\/wp\/v2\/pages\/11\/revisions\/1793"}],"wp:featuredmedia":[{"embeddable":true,"href":"https:\/\/rseattitude.fr\/index.php\/wp-json\/wp\/v2\/media\/107"}],"wp:attachment":[{"href":"https:\/\/rseattitude.fr\/index.php\/wp-json\/wp\/v2\/media?parent=11"}],"curies":[{"name":"wp","href":"https:\/\/api.w.org\/{rel}","templated":true}]}}